{"id":5,"date":"2022-02-14T16:01:18","date_gmt":"2022-02-14T16:01:18","guid":{"rendered":"https:\/\/clar.online\/?page_id=5"},"modified":"2026-03-24T14:48:54","modified_gmt":"2026-03-24T14:48:54","slug":"home","status":"publish","type":"page","link":"https:\/\/clar.online\/gd\/","title":{"rendered":"Dachaigh"},"content":{"rendered":"\n<div style=\"height:30px\" aria-hidden=\"true\" class=\"wp-block-spacer eplus-wrapper\"><\/div>\n\n\n\n<div class=\"wp-block-media-text is-stacked-on-mobile eplus-wrapper has-background\" style=\"background-color:#b8b8b84d;grid-template-columns:34% auto\"><figure class=\"wp-block-media-text__media\"><a href=\"https:\/\/clar.online\/product\/bho-pheairt-gu-hiort\/\"><img loading=\"lazy\" decoding=\"async\" width=\"1000\" height=\"1000\" src=\"https:\/\/clar.online\/wp-content\/uploads\/2026\/03\/Bho-Pheairt-Gu-Hiort_3qtr.png\" alt=\"\" class=\"wp-image-512 size-full\" srcset=\"https:\/\/clar.online\/wp-content\/uploads\/2026\/03\/Bho-Pheairt-Gu-Hiort_3qtr.png 1000w, https:\/\/clar.online\/wp-content\/uploads\/2026\/03\/Bho-Pheairt-Gu-Hiort_3qtr-300x300.png 300w, https:\/\/clar.online\/wp-content\/uploads\/2026\/03\/Bho-Pheairt-Gu-Hiort_3qtr-150x150.png 150w, https:\/\/clar.online\/wp-content\/uploads\/2026\/03\/Bho-Pheairt-Gu-Hiort_3qtr-768x768.png 768w, https:\/\/clar.online\/wp-content\/uploads\/2026\/03\/Bho-Pheairt-Gu-Hiort_3qtr-12x12.png 12w, https:\/\/clar.online\/wp-content\/uploads\/2026\/03\/Bho-Pheairt-Gu-Hiort_3qtr-600x600.png 600w, https:\/\/clar.online\/wp-content\/uploads\/2026\/03\/Bho-Pheairt-Gu-Hiort_3qtr-100x100.png 100w\" sizes=\"auto, (max-width: 1000px) 100vw, 1000px\" \/><\/a><\/figure><div class=\"wp-block-media-text__content\">\n<div style=\"height:20px\" aria-hidden=\"true\" class=\"wp-block-spacer eplus-wrapper\"><\/div>\n\n\n\n<h2 class=\"wp-block-heading eplus-wrapper has-base-2-color has-text-color has-link-color wp-elements-bbd17b777211998ee68c8df06c41aac1\">\u00d9r: Bho Pheairt gu Hiort<\/h2>\n\n\n\n<p class=\"has-text-align-left has-base-2-color has-text-color has-link-color wp-elements-01a12accf1fda57e7dacfc5fd843a1ae\">Chaidh leabhar inntinneach, <strong>Bho Pheairt gu Hiort le Iain Mac an T\u00e0illeir<\/strong>, a chur air bhog sa&#8217; Ghearan 2026 ann an Sabhal M\u00f2r Ostaig. <\/p>\n\n\n\n<p class=\"has-text-align-left has-base-2-color has-text-color has-link-color wp-elements-e3d6a93171288f8af6a2dc47e8f6d9a4\">Tha an leabhar a&#8217; toirt s\u00f9il air eileamaidean ann an ainmean-\u00e0ite ann an Alba. <\/p>\n\n\n\n<p class=\"has-text-align-left has-base-2-color has-text-color has-link-color wp-elements-edaa740149a69af0a878953c1c84a1f9\">Ged a tha iomadh leabhar ann air ainmean-\u00e0ite, tha am fear seo air leth bhon a tha a e sa Gh\u00e0idhlig agus air a dheagh rannsachadh le Iain Mac an T\u00e0illeir a tha na fh\u00ecor e\u00f2laiche air a&#8217; chuspair.<\/p>\n\n\n\n<div class=\"wp-block-buttons is-layout-flex wp-block-buttons-is-layout-flex\">\n<div class=\"wp-block-button\"><a class=\"wp-block-button__link has-accent-3-background-color has-background wp-element-button\" href=\"https:\/\/clar.online\/product\/bho-pheairt-gu-hiort\/\">Tuilleadh<\/a><\/div>\n<\/div>\n\n\n\n<div style=\"height:20px\" aria-hidden=\"true\" class=\"wp-block-spacer eplus-wrapper\"><\/div>\n<\/div><\/div>\n\n\n\n<div class=\"wp-block-media-text has-media-on-the-right is-stacked-on-mobile eplus-wrapper has-accent-3-background-color has-background\"><div class=\"wp-block-media-text__content\">\n<div style=\"height:20px\" aria-hidden=\"true\" class=\"wp-block-spacer eplus-wrapper\"><\/div>\n\n\n\n<h2 class=\"wp-block-heading eplus-wrapper has-contrast-color has-text-color has-link-color wp-elements-870fdd014af6b35d59a2b3ea761f7005\">About Us<\/h2>\n\n\n\n<p class=\"has-text-align-left eplus-wrapper has-contrast-color has-text-color has-link-color wp-elements-f3c9a0470bf54d44563dc06cb09bc351\">The Gaelic publisher CL\u00c0R was founded in 1996 with the main aim to publish new books with an emphasis on original Gaelic writing.<\/p>\n\n\n\n<p class=\"has-text-align-left eplus-wrapper has-contrast-color has-text-color has-link-color wp-elements-efdad8a33d89dbf9753841725c9f8758\">CLAR has now published more than 80 books. We have published writing from over 100 Gaelic authors and, of course, this continues to grow.<\/p>\n\n\n\n<p class=\"eplus-wrapper has-contrast-color has-text-color has-link-color wp-elements-fd97717d49a56b2fc9f2c224de01a8ac\">Rody Gorman&#8217;s book of poetry, Sa Chnoc, published by CL\u00c0R, won the Poetry Prize at the 2024 Gaelic Literature Awards.<\/p>\n\n\n\n<p class=\"eplus-wrapper has-contrast-color has-text-color has-link-color wp-elements-7e77083a8acc7653ab204475f3200e7e\">Pictured are: Seonaidh Charity, Shelagh Chaimbeul, Joni Bochanan, Gwen Bowie, Rody Gorman, Aonghas Moireasdan.<\/p>\n\n\n\n<div style=\"height:20px\" aria-hidden=\"true\" class=\"wp-block-spacer eplus-wrapper\"><\/div>\n<\/div><figure class=\"wp-block-media-text__media\"><img loading=\"lazy\" decoding=\"async\" width=\"1024\" height=\"683\" src=\"https:\/\/clar.online\/wp-content\/uploads\/2024\/09\/Winners-1-1024x683.jpg\" alt=\"\" class=\"wp-image-439 size-full\" srcset=\"https:\/\/clar.online\/wp-content\/uploads\/2024\/09\/Winners-1-1024x683.jpg 1024w, https:\/\/clar.online\/wp-content\/uploads\/2024\/09\/Winners-1-300x200.jpg 300w, https:\/\/clar.online\/wp-content\/uploads\/2024\/09\/Winners-1-768x512.jpg 768w, https:\/\/clar.online\/wp-content\/uploads\/2024\/09\/Winners-1-18x12.jpg 18w, https:\/\/clar.online\/wp-content\/uploads\/2024\/09\/Winners-1-600x400.jpg 600w, https:\/\/clar.online\/wp-content\/uploads\/2024\/09\/Winners-1.jpg 1138w\" sizes=\"auto, (max-width: 1024px) 100vw, 1024px\" \/><\/figure><\/div>\n\n\n\n<div style=\"height:10px\" aria-hidden=\"true\" class=\"wp-block-spacer eplus-wrapper\"><\/div>\n\n\n\n<h2 class=\"wp-block-heading has-text-align-center eplus-wrapper has-base-color has-text-color has-link-color wp-elements-04bc1090a2713e99f8d1b4cf70e9502d\">Latest Books<\/h2>\n\n\n\n<div style=\"height:10px\" aria-hidden=\"true\" class=\"wp-block-spacer eplus-wrapper\"><\/div>\n\n\n<div data-align-buttons=\"true\" data-block-name=\"woocommerce\/handpicked-products\" data-columns=\"4\" data-content-visibility=\"{&quot;image&quot;:true,&quot;title&quot;:true,&quot;price&quot;:true,&quot;rating&quot;:false,&quot;button&quot;:true}\" data-products=\"[511,405,526,536]\" class=\"wc-block-grid wp-block-handpicked-products wp-block-woocommerce-handpicked-products wc-block-handpicked-products has-4-columns has-multiple-rows has-aligned-buttons\"><ul class=\"wc-block-grid__products\"><li class=\"wc-block-grid__product\">\n\t\t\t\t<a href=\"https:\/\/clar.online\/gd\/product\/cairdeas-s-comain-s-eolas\/\" class=\"wc-block-grid__product-link\">\n\t\t\t\t\t\n\t\t\t\t\t<div class=\"wc-block-grid__product-image\"><img loading=\"lazy\" decoding=\"async\" width=\"300\" height=\"300\" src=\"https:\/\/clar.online\/wp-content\/uploads\/2026\/03\/Cairdeas_Moffatt_cvr-300x300.png\" class=\"attachment-woocommerce_thumbnail size-woocommerce_thumbnail\" alt=\"C\u00e0irdeas \u2019s Comain \u2019s E\u00f2las\" srcset=\"https:\/\/clar.online\/wp-content\/uploads\/2026\/03\/Cairdeas_Moffatt_cvr-300x300.png 300w, https:\/\/clar.online\/wp-content\/uploads\/2026\/03\/Cairdeas_Moffatt_cvr-1024x1024.png 1024w, https:\/\/clar.online\/wp-content\/uploads\/2026\/03\/Cairdeas_Moffatt_cvr-150x150.png 150w, https:\/\/clar.online\/wp-content\/uploads\/2026\/03\/Cairdeas_Moffatt_cvr-768x768.png 768w, https:\/\/clar.online\/wp-content\/uploads\/2026\/03\/Cairdeas_Moffatt_cvr-12x12.png 12w, https:\/\/clar.online\/wp-content\/uploads\/2026\/03\/Cairdeas_Moffatt_cvr-600x600.png 600w, https:\/\/clar.online\/wp-content\/uploads\/2026\/03\/Cairdeas_Moffatt_cvr-100x100.png 100w, https:\/\/clar.online\/wp-content\/uploads\/2026\/03\/Cairdeas_Moffatt_cvr.png 1500w\" sizes=\"auto, (max-width: 300px) 100vw, 300px\" \/><\/div>\n\t\t\t\t\t<div class=\"wc-block-grid__product-title\">C\u00e0irdeas \u2019s Comain \u2019s E\u00f2las<\/div>\n\t\t\t\t<\/a>\n\t\t\t\t<div class=\"wc-block-grid__product-price price\"><span class=\"woocommerce-Price-amount amount\"><span class=\"woocommerce-Price-currencySymbol\">&pound;<\/span>9.99<\/span><\/div>\n\t\t\t\t\n\t\t\t\t<div class=\"wp-block-button wc-block-grid__product-add-to-cart\"><a href=\"\/gd\/wp-json\/wp\/v2\/pages\/5?add-to-cart=536\" aria-label=\"Add to cart: &ldquo;C\u00e0irdeas \u2019s Comain \u2019s E\u00f2las&rdquo;\" data-quantity=\"1\" data-product_id=\"536\" data-product_sku=\"\" data-price=\"9.99\" rel=\"nofollow\" class=\"wp-block-button__link wp-element-button add_to_cart_button ajax_add_to_cart\">Don bhasgaid<\/a><\/div>\n\t\t\t<\/li><li class=\"wc-block-grid__product\">\n\t\t\t\t<a href=\"https:\/\/clar.online\/gd\/product\/steall-10\/\" class=\"wc-block-grid__product-link\">\n\t\t\t\t\t\n\t\t\t\t\t<div class=\"wc-block-grid__product-image\"><img loading=\"lazy\" decoding=\"async\" width=\"300\" height=\"300\" src=\"https:\/\/clar.online\/wp-content\/uploads\/2026\/03\/Clar-300x300.jpg\" class=\"attachment-woocommerce_thumbnail size-woocommerce_thumbnail\" alt=\"STEALL 10\" srcset=\"https:\/\/clar.online\/wp-content\/uploads\/2026\/03\/Clar-300x300.jpg 300w, https:\/\/clar.online\/wp-content\/uploads\/2026\/03\/Clar-1024x1024.jpg 1024w, https:\/\/clar.online\/wp-content\/uploads\/2026\/03\/Clar-150x150.jpg 150w, https:\/\/clar.online\/wp-content\/uploads\/2026\/03\/Clar-768x768.jpg 768w, https:\/\/clar.online\/wp-content\/uploads\/2026\/03\/Clar-12x12.jpg 12w, https:\/\/clar.online\/wp-content\/uploads\/2026\/03\/Clar-600x600.jpg 600w, https:\/\/clar.online\/wp-content\/uploads\/2026\/03\/Clar-100x100.jpg 100w, https:\/\/clar.online\/wp-content\/uploads\/2026\/03\/Clar.jpg 1080w\" sizes=\"auto, (max-width: 300px) 100vw, 300px\" \/><\/div>\n\t\t\t\t\t<div class=\"wc-block-grid__product-title\">STEALL 10<\/div>\n\t\t\t\t<\/a>\n\t\t\t\t<div class=\"wc-block-grid__product-price price\"><span class=\"woocommerce-Price-amount amount\"><span class=\"woocommerce-Price-currencySymbol\">&pound;<\/span>9.99<\/span><\/div>\n\t\t\t\t\n\t\t\t\t<div class=\"wp-block-button wc-block-grid__product-add-to-cart\"><a href=\"\/gd\/wp-json\/wp\/v2\/pages\/5?add-to-cart=526\" aria-label=\"Add to cart: &ldquo;STEALL 10&rdquo;\" data-quantity=\"1\" data-product_id=\"526\" data-product_sku=\"\" data-price=\"9.99\" rel=\"nofollow\" class=\"wp-block-button__link wp-element-button add_to_cart_button ajax_add_to_cart\">Don bhasgaid<\/a><\/div>\n\t\t\t<\/li><li class=\"wc-block-grid__product\">\n\t\t\t\t<a href=\"https:\/\/clar.online\/gd\/product\/bho-pheairt-gu-hiort\/\" class=\"wc-block-grid__product-link\">\n\t\t\t\t\t\n\t\t\t\t\t<div class=\"wc-block-grid__product-image\"><img loading=\"lazy\" decoding=\"async\" width=\"300\" height=\"300\" src=\"https:\/\/clar.online\/wp-content\/uploads\/2026\/03\/Bho-Pheairt-Gu-Hiort_3qtr-300x300.png\" class=\"attachment-woocommerce_thumbnail size-woocommerce_thumbnail\" alt=\"Bho Pheairt gu Hiort\" srcset=\"https:\/\/clar.online\/wp-content\/uploads\/2026\/03\/Bho-Pheairt-Gu-Hiort_3qtr-300x300.png 300w, https:\/\/clar.online\/wp-content\/uploads\/2026\/03\/Bho-Pheairt-Gu-Hiort_3qtr-150x150.png 150w, https:\/\/clar.online\/wp-content\/uploads\/2026\/03\/Bho-Pheairt-Gu-Hiort_3qtr-768x768.png 768w, https:\/\/clar.online\/wp-content\/uploads\/2026\/03\/Bho-Pheairt-Gu-Hiort_3qtr-12x12.png 12w, https:\/\/clar.online\/wp-content\/uploads\/2026\/03\/Bho-Pheairt-Gu-Hiort_3qtr-600x600.png 600w, https:\/\/clar.online\/wp-content\/uploads\/2026\/03\/Bho-Pheairt-Gu-Hiort_3qtr-100x100.png 100w, https:\/\/clar.online\/wp-content\/uploads\/2026\/03\/Bho-Pheairt-Gu-Hiort_3qtr.png 1000w\" sizes=\"auto, (max-width: 300px) 100vw, 300px\" \/><\/div>\n\t\t\t\t\t<div class=\"wc-block-grid__product-title\">Bho Pheairt gu Hiort<\/div>\n\t\t\t\t<\/a>\n\t\t\t\t<div class=\"wc-block-grid__product-price price\"><span class=\"woocommerce-Price-amount amount\"><span class=\"woocommerce-Price-currencySymbol\">&pound;<\/span>11.99<\/span><\/div>\n\t\t\t\t\n\t\t\t\t<div class=\"wp-block-button wc-block-grid__product-add-to-cart\"><a href=\"\/gd\/wp-json\/wp\/v2\/pages\/5?add-to-cart=511\" aria-label=\"Add to cart: &ldquo;Bho Pheairt gu Hiort&rdquo;\" data-quantity=\"1\" data-product_id=\"511\" data-product_sku=\"\" data-price=\"11.99\" rel=\"nofollow\" class=\"wp-block-button__link wp-element-button add_to_cart_button ajax_add_to_cart\">Don bhasgaid<\/a><\/div>\n\t\t\t<\/li><li class=\"wc-block-grid__product\">\n\t\t\t\t<a href=\"https:\/\/clar.online\/gd\/product\/hiort\/\" class=\"wc-block-grid__product-link\">\n\t\t\t\t\t\n\t\t\t\t\t<div class=\"wc-block-grid__product-image\"><img loading=\"lazy\" decoding=\"async\" width=\"300\" height=\"300\" src=\"https:\/\/clar.online\/wp-content\/uploads\/2023\/11\/hiort-300x300.jpg\" class=\"attachment-woocommerce_thumbnail size-woocommerce_thumbnail\" alt=\"Hiort\" srcset=\"https:\/\/clar.online\/wp-content\/uploads\/2023\/11\/hiort-300x300.jpg 300w, https:\/\/clar.online\/wp-content\/uploads\/2023\/11\/hiort-150x150.jpg 150w, https:\/\/clar.online\/wp-content\/uploads\/2023\/11\/hiort-12x12.jpg 12w, https:\/\/clar.online\/wp-content\/uploads\/2023\/11\/hiort-100x100.jpg 100w, https:\/\/clar.online\/wp-content\/uploads\/2023\/11\/hiort.jpg 600w\" sizes=\"auto, (max-width: 300px) 100vw, 300px\" \/><\/div>\n\t\t\t\t\t<div class=\"wc-block-grid__product-title\">Hiort<\/div>\n\t\t\t\t<\/a>\n\t\t\t\t<div class=\"wc-block-grid__product-price price\"><span class=\"woocommerce-Price-amount amount\"><span class=\"woocommerce-Price-currencySymbol\">&pound;<\/span>9.99<\/span><\/div>\n\t\t\t\t\n\t\t\t\t<div class=\"wp-block-button wc-block-grid__product-add-to-cart\"><a href=\"\/gd\/wp-json\/wp\/v2\/pages\/5?add-to-cart=405\" aria-label=\"Add to cart: &ldquo;Hiort&rdquo;\" data-quantity=\"1\" data-product_id=\"405\" data-product_sku=\"\" data-price=\"9.99\" rel=\"nofollow\" class=\"wp-block-button__link wp-element-button add_to_cart_button ajax_add_to_cart\">Don bhasgaid<\/a><\/div>\n\t\t\t<\/li><\/ul><\/div>\n\n\n<div style=\"height:20px\" aria-hidden=\"true\" class=\"wp-block-spacer eplus-wrapper\"><\/div>\n\n\n\n<div class=\"wp-block-buttons eplus-wrapper is-content-justification-center is-layout-flex wp-container-core-buttons-is-layout-a89b3969 wp-block-buttons-is-layout-flex\">\n<div class=\"wp-block-button eplus-wrapper\"><a class=\"wp-block-button__link has-contrast-color has-accent-3-background-color has-text-color has-background has-link-color has-medium-font-size has-custom-font-size wp-element-button\" href=\"https:\/\/clar.online\/shop\/\" style=\"font-style:normal;font-weight:400\">More books<\/a><\/div>\n<\/div>\n","protected":false},"excerpt":{"rendered":"<p>Leabhraichean \u00f9ra<\/p>","protected":false},"author":1,"featured_media":393,"parent":0,"menu_order":0,"comment_status":"closed","ping_status":"closed","template":"","meta":{"_eb_attr":"","footnotes":""},"class_list":["post-5","page","type-page","status-publish","has-post-thumbnail","hentry"],"jetpack_sharing_enabled":true,"_links":{"self":[{"href":"https:\/\/clar.online\/gd\/wp-json\/wp\/v2\/pages\/5","targetHints":{"allow":["GET"]}}],"collection":[{"href":"https:\/\/clar.online\/gd\/wp-json\/wp\/v2\/pages"}],"about":[{"href":"https:\/\/clar.online\/gd\/wp-json\/wp\/v2\/types\/page"}],"author":[{"embeddable":true,"href":"https:\/\/clar.online\/gd\/wp-json\/wp\/v2\/users\/1"}],"replies":[{"embeddable":true,"href":"https:\/\/clar.online\/gd\/wp-json\/wp\/v2\/comments?post=5"}],"version-history":[{"count":34,"href":"https:\/\/clar.online\/gd\/wp-json\/wp\/v2\/pages\/5\/revisions"}],"predecessor-version":[{"id":538,"href":"https:\/\/clar.online\/gd\/wp-json\/wp\/v2\/pages\/5\/revisions\/538"}],"wp:featuredmedia":[{"embeddable":true,"href":"https:\/\/clar.online\/gd\/wp-json\/wp\/v2\/media\/393"}],"wp:attachment":[{"href":"https:\/\/clar.online\/gd\/wp-json\/wp\/v2\/media?parent=5"}],"curies":[{"name":"wp","href":"https:\/\/api.w.org\/{rel}","templated":true}]}}