{"id":55,"date":"2023-11-16T19:29:28","date_gmt":"2023-11-16T19:29:28","guid":{"rendered":"https:\/\/clar.online\/?page_id=55"},"modified":"2026-03-24T14:42:32","modified_gmt":"2026-03-24T14:42:32","slug":"about-us","status":"publish","type":"page","link":"https:\/\/clar.online\/gd\/about-us\/","title":{"rendered":"Mu ar deidhinn"},"content":{"rendered":"<div class=\"wp-block-media-text is-stacked-on-mobile is-image-fill-element eplus-wrapper\"><figure class=\"wp-block-media-text__media\"><img loading=\"lazy\" decoding=\"async\" width=\"1000\" height=\"1007\" src=\"https:\/\/clar.online\/wp-content\/uploads\/2023\/11\/Clar-catalogue-2021-cover.jpg\" alt=\"\" class=\"wp-image-91 size-full\" style=\"object-position:50% 50%\" srcset=\"https:\/\/clar.online\/wp-content\/uploads\/2023\/11\/Clar-catalogue-2021-cover.jpg 1000w, https:\/\/clar.online\/wp-content\/uploads\/2023\/11\/Clar-catalogue-2021-cover-298x300.jpg 298w, https:\/\/clar.online\/wp-content\/uploads\/2023\/11\/Clar-catalogue-2021-cover-150x150.jpg 150w, https:\/\/clar.online\/wp-content\/uploads\/2023\/11\/Clar-catalogue-2021-cover-768x773.jpg 768w, https:\/\/clar.online\/wp-content\/uploads\/2023\/11\/Clar-catalogue-2021-cover-600x604.jpg 600w, https:\/\/clar.online\/wp-content\/uploads\/2023\/11\/Clar-catalogue-2021-cover-100x100.jpg 100w\" sizes=\"auto, (max-width: 1000px) 100vw, 1000px\" \/><\/figure><div class=\"wp-block-media-text__content\">\n<p class=\"eplus-wrapper wp-block-paragraph\">Chaidh am foillsichear G\u00e0idhlig CL\u00c0R a chur air chois ann an 1996. B\u2019 e ar pr\u00ecomh amas leabhraichean \u00f9ra fhoillseachadh le cuideam air sgr\u00ecobhadh ann an G\u00e0idhlig a-mh\u00e0in.<\/p>\n\n\n\n<p class=\"eplus-wrapper wp-block-paragraph\">Tha CL\u00c0R a-nis air c\u00f2rr is 80 leabhar fhoillseachadh. Tha sinn air sgr\u00ecobhadh bho ch\u00f2rr is 100 \u00f9ghdar G\u00e0idhlig fhoillseachadh agus gu dearbh, bidh seo a\u2019 f\u00e0s agus a\u2019 f\u00e0s.<\/p>\n\n\n\n<p class=\"eplus-wrapper wp-block-paragraph\">\u2019S e buidheann saor-thoileach a th\u2019 ann an CL\u00c0R agus the sinn a\u2019 feuchainn ri sgr\u00ecobhadh de gach se\u00f2rsa fhoillseachadh. Dh\u2019fhoillsich sinn leabhraichean de dh\u00edomadh gn\u00e8: ficsean, rosg eile, b\u00e0rdachd, an iris STEALL, dr\u00e0ma, fiosrachadh, beul-aithris, sp\u00f2rs agus corra leabhar-chloinne. An co-bhonn ri Comhairle nan Leabhraichean, dh\u2019fhoillsich sinn c\u00f2rr is 30 leabhar mar ph\u00e0irt de shreath \u00d9r-Sgeul.<\/p>\n<\/div><\/div>\n\n\n\n<div style=\"height:30px\" aria-hidden=\"true\" class=\"wp-block-spacer eplus-wrapper\"><\/div>\n\n\n\n<h4 class=\"wp-block-heading\">Poileasaidh Foillseachaidh CL\u00c0R<\/h4>\n\n\n\n<p class=\"wp-block-paragraph\">&#8216;S e ar pr\u00ecomh amas a bhith a&#8217; foillseachadh leabhraichean \u00f9ra, le cuideam air sgr\u00ecobhadh ann an G\u00e0idhlig a-mh\u00e0in. Cha bhi CL\u00c0R a\u2019 gabhail ri leabhraichean d\u00e0-ch\u00e0nanach neo eadar-theangachaidhean st\u00e8idhichte air leabhraichean Beurla.<\/p>\n\n\n\n<p class=\"wp-block-paragraph\">\u2019S e foillsichear saor-thoileach a th\u2019 ann an CL\u00c0R agus bidh sinn a\u2019 foillseachadh suas gu ceithir leabhraichean do dh\u2019inbhich sa bhliadhna, a bharrachd air an iris STEALL.<\/p>\n\n\n\n<p class=\"wp-block-paragraph\">Tha ar pr\u00f2gram foillseachaidh air a chur air d\u00f2igh ro-l\u00e0imh agus, aig an \u00ecre seo, tha e l\u00e0n suas gu deireadh 2027. Bidh sinn a\u2019 beachdachadh air foillsichidhean airson 2028 (agus bliadhnachan \u00e0s d\u00e8idh sin) fhathast. Bidh sinn \u2018fosgailte do thagraidhean\u2019 airson na h-ama sin bho 10mh D\u00f9bhlachd 2026 gu 30mh Faoilleach 2027.<\/p>\n\n\n\n<h3 class=\"wp-block-heading has-text-align-center eplus-wrapper\">\n\tLeabhraichean \u00f9ra<\/h3>\n\n\n\n<div class=\"wp-block-query alignwide eplus-wrapper has-global-padding is-layout-constrained wp-block-query-is-layout-constrained\"><ul class=\"columns-5 alignwide products-block-post-template wp-block-post-template is-layout-grid wp-container-core-post-template-is-layout-8d1913db wp-block-post-template-is-layout-grid\"><li class=\"wp-block-post post-154 product type-product status-publish has-post-thumbnail product_cat-poetry product_tag-deborah-moffatt first instock shipping-taxable purchasable product-type-simple\">\n<div data-block-name=\"woocommerce\/product-image\" data-image-sizing=\"thumbnail\" data-is-descendent-of-query-loop=\"true\" data-show-sale-badge=\"false\" class=\"wc-block-components-product-image wc-block-grid__product-image wc-block-components-product-image--aspect-ratio-auto wp-block-woocommerce-product-image\"><a href=\"https:\/\/clar.online\/gd\/product\/dain-nan-duil\/\" style=\"\" data-wp-on--click=\"woocommerce\/product-collection::actions.viewProduct\"><img decoding=\"async\" width=\"300\" height=\"300\" src=\"https:\/\/clar.online\/wp-content\/uploads\/2023\/11\/dain-300x300.jpg\" class=\"attachment-woocommerce_thumbnail size-woocommerce_thumbnail\" alt=\"D\u00e0in nan D\u00f9il\" data-testid=\"product-image\" data-image-id=\"323\" style=\"object-fit:cover;\" loading=\"lazy\" srcset=\"https:\/\/clar.online\/wp-content\/uploads\/2023\/11\/dain-300x300.jpg 300w, https:\/\/clar.online\/wp-content\/uploads\/2023\/11\/dain-150x150.jpg 150w, https:\/\/clar.online\/wp-content\/uploads\/2023\/11\/dain-12x12.jpg 12w, https:\/\/clar.online\/wp-content\/uploads\/2023\/11\/dain-100x100.jpg 100w, https:\/\/clar.online\/wp-content\/uploads\/2023\/11\/dain.jpg 600w\" sizes=\"auto, (max-width: 300px) 100vw, 300px\" \/><div class=\"wc-block-components-product-image__inner-container\">\n\n<\/div><\/a><\/div>\n\n<h3 style=\"margin-bottom:0.75rem;margin-top:0;\" class=\"wp-block-post-title has-medium-font-size has-text-align-center\"><a href=\"https:\/\/clar.online\/gd\/product\/dain-nan-duil\/\" target=\"_self\" >D\u00e0in nan D\u00f9il<\/a><\/h3>\n\n<div data-block-name=\"woocommerce\/product-price\" data-is-descendent-of-query-loop=\"true\" data-text-align=\"center\" class=\"has-text-align-center wp-block-woocommerce-product-price\" ><div class=\"wc-block-components-product-price wc-block-grid__product-price\" >\n\t\t\t\t\t<span class=\"woocommerce-Price-amount amount\"><bdi><span class=\"woocommerce-Price-currencySymbol\">&pound;<\/span>8.99<\/bdi><\/span>\n\t\t\t\t<\/div><\/div>\n<\/li><li class=\"wp-block-post post-152 product type-product status-publish has-post-thumbnail product_cat-poetry product_tag-donald-e-meek  instock shipping-taxable purchasable product-type-simple\">\n<div data-block-name=\"woocommerce\/product-image\" data-image-sizing=\"thumbnail\" data-is-descendent-of-query-loop=\"true\" data-show-sale-badge=\"false\" class=\"wc-block-components-product-image wc-block-grid__product-image wc-block-components-product-image--aspect-ratio-auto wp-block-woocommerce-product-image\"><a href=\"https:\/\/clar.online\/gd\/product\/eadar-ceol-is-corona\/\" style=\"\" data-wp-on--click=\"woocommerce\/product-collection::actions.viewProduct\"><img decoding=\"async\" width=\"300\" height=\"300\" src=\"https:\/\/clar.online\/wp-content\/uploads\/2023\/11\/corona-300x300.jpg\" class=\"attachment-woocommerce_thumbnail size-woocommerce_thumbnail\" alt=\"Eadar Ce\u00f2l is Corona\" data-testid=\"product-image\" data-image-id=\"320\" style=\"object-fit:cover;\" loading=\"lazy\" srcset=\"https:\/\/clar.online\/wp-content\/uploads\/2023\/11\/corona-300x300.jpg 300w, https:\/\/clar.online\/wp-content\/uploads\/2023\/11\/corona-150x150.jpg 150w, https:\/\/clar.online\/wp-content\/uploads\/2023\/11\/corona-12x12.jpg 12w, https:\/\/clar.online\/wp-content\/uploads\/2023\/11\/corona-100x100.jpg 100w, https:\/\/clar.online\/wp-content\/uploads\/2023\/11\/corona.jpg 600w\" sizes=\"auto, (max-width: 300px) 100vw, 300px\" \/><div class=\"wc-block-components-product-image__inner-container\">\n\n<\/div><\/a><\/div>\n\n<h3 style=\"margin-bottom:0.75rem;margin-top:0;\" class=\"wp-block-post-title has-medium-font-size has-text-align-center\"><a href=\"https:\/\/clar.online\/gd\/product\/eadar-ceol-is-corona\/\" target=\"_self\" >Eadar Ce\u00f2l is Corona<\/a><\/h3>\n\n<div data-block-name=\"woocommerce\/product-price\" data-is-descendent-of-query-loop=\"true\" data-text-align=\"center\" class=\"has-text-align-center wp-block-woocommerce-product-price\" ><div class=\"wc-block-components-product-price wc-block-grid__product-price\" >\n\t\t\t\t\t<span class=\"woocommerce-Price-amount amount\"><bdi><span class=\"woocommerce-Price-currencySymbol\">&pound;<\/span>11.99<\/bdi><\/span>\n\t\t\t\t<\/div><\/div>\n<\/li><li class=\"wp-block-post post-131 product type-product status-publish has-post-thumbnail product_cat-poetry product_tag-niall-ogallagher  instock shipping-taxable purchasable product-type-simple\">\n<div data-block-name=\"woocommerce\/product-image\" data-image-sizing=\"thumbnail\" data-is-descendent-of-query-loop=\"true\" data-show-sale-badge=\"false\" class=\"wc-block-components-product-image wc-block-grid__product-image wc-block-components-product-image--aspect-ratio-auto wp-block-woocommerce-product-image\"><a href=\"https:\/\/clar.online\/gd\/product\/fo-bhlath\/\" style=\"\" data-wp-on--click=\"woocommerce\/product-collection::actions.viewProduct\"><img decoding=\"async\" width=\"300\" height=\"300\" src=\"https:\/\/clar.online\/wp-content\/uploads\/2023\/11\/fobhlath-300x300.jpg\" class=\"attachment-woocommerce_thumbnail size-woocommerce_thumbnail\" alt=\"Fo Bhl\u00e0th\" data-testid=\"product-image\" data-image-id=\"326\" style=\"object-fit:cover;\" loading=\"lazy\" srcset=\"https:\/\/clar.online\/wp-content\/uploads\/2023\/11\/fobhlath-300x300.jpg 300w, https:\/\/clar.online\/wp-content\/uploads\/2023\/11\/fobhlath-150x150.jpg 150w, https:\/\/clar.online\/wp-content\/uploads\/2023\/11\/fobhlath-12x12.jpg 12w, https:\/\/clar.online\/wp-content\/uploads\/2023\/11\/fobhlath-100x100.jpg 100w, https:\/\/clar.online\/wp-content\/uploads\/2023\/11\/fobhlath.jpg 600w\" sizes=\"auto, (max-width: 300px) 100vw, 300px\" \/><div class=\"wc-block-components-product-image__inner-container\">\n\n<\/div><\/a><\/div>\n\n<h3 style=\"margin-bottom:0.75rem;margin-top:0;\" class=\"wp-block-post-title has-medium-font-size has-text-align-center\"><a href=\"https:\/\/clar.online\/gd\/product\/fo-bhlath\/\" target=\"_self\" >Fo Bhl\u00e0th<\/a><\/h3>\n\n<div data-block-name=\"woocommerce\/product-price\" data-is-descendent-of-query-loop=\"true\" data-text-align=\"center\" class=\"has-text-align-center wp-block-woocommerce-product-price\" ><div class=\"wc-block-components-product-price wc-block-grid__product-price\" >\n\t\t\t\t\t<span class=\"woocommerce-Price-amount amount\"><bdi><span class=\"woocommerce-Price-currencySymbol\">&pound;<\/span>9.99<\/bdi><\/span>\n\t\t\t\t<\/div><\/div>\n<\/li><li class=\"wp-block-post post-114 product type-product status-publish has-post-thumbnail product_cat-novels product_tag-calum-macleod last instock shipping-taxable purchasable product-type-simple\">\n<div data-block-name=\"woocommerce\/product-image\" data-image-sizing=\"thumbnail\" data-is-descendent-of-query-loop=\"true\" data-show-sale-badge=\"false\" class=\"wc-block-components-product-image wc-block-grid__product-image wc-block-components-product-image--aspect-ratio-auto wp-block-woocommerce-product-image\"><a href=\"https:\/\/clar.online\/gd\/product\/fon-choill\/\" style=\"\" data-wp-on--click=\"woocommerce\/product-collection::actions.viewProduct\"><img decoding=\"async\" width=\"300\" height=\"300\" src=\"https:\/\/clar.online\/wp-content\/uploads\/2023\/11\/fon-300x300.jpg\" class=\"attachment-woocommerce_thumbnail size-woocommerce_thumbnail\" alt=\"Fon Choill\" data-testid=\"product-image\" data-image-id=\"330\" style=\"object-fit:cover;\" loading=\"lazy\" srcset=\"https:\/\/clar.online\/wp-content\/uploads\/2023\/11\/fon-300x300.jpg 300w, https:\/\/clar.online\/wp-content\/uploads\/2023\/11\/fon-150x150.jpg 150w, https:\/\/clar.online\/wp-content\/uploads\/2023\/11\/fon-12x12.jpg 12w, https:\/\/clar.online\/wp-content\/uploads\/2023\/11\/fon-100x100.jpg 100w, https:\/\/clar.online\/wp-content\/uploads\/2023\/11\/fon.jpg 600w\" sizes=\"auto, (max-width: 300px) 100vw, 300px\" \/><div class=\"wc-block-components-product-image__inner-container\">\n\n<\/div><\/a><\/div>\n\n<h3 style=\"margin-bottom:0.75rem;margin-top:0;\" class=\"wp-block-post-title has-medium-font-size has-text-align-center\"><a href=\"https:\/\/clar.online\/gd\/product\/fon-choill\/\" target=\"_self\" >Fon Choill<\/a><\/h3>\n\n<div data-block-name=\"woocommerce\/product-price\" data-is-descendent-of-query-loop=\"true\" data-text-align=\"center\" class=\"has-text-align-center wp-block-woocommerce-product-price\" ><div class=\"wc-block-components-product-price wc-block-grid__product-price\" >\n\t\t\t\t\t<span class=\"woocommerce-Price-amount amount\"><bdi><span class=\"woocommerce-Price-currencySymbol\">&pound;<\/span>9.99<\/bdi><\/span>\n\t\t\t\t<\/div><\/div>\n<\/li><li class=\"wp-block-post post-112 product type-product status-publish has-post-thumbnail product_cat-novels product_tag-angus-peter-campbell first instock shipping-taxable purchasable product-type-simple\">\n<div data-block-name=\"woocommerce\/product-image\" data-image-sizing=\"thumbnail\" data-is-descendent-of-query-loop=\"true\" data-show-sale-badge=\"false\" class=\"wc-block-components-product-image wc-block-grid__product-image wc-block-components-product-image--aspect-ratio-auto wp-block-woocommerce-product-image\"><a href=\"https:\/\/clar.online\/gd\/product\/fuaran-ceann-an-t-saoghail\/\" style=\"\" data-wp-on--click=\"woocommerce\/product-collection::actions.viewProduct\"><img decoding=\"async\" width=\"300\" height=\"300\" src=\"https:\/\/clar.online\/wp-content\/uploads\/2023\/11\/fuaran2-300x300.jpg\" class=\"attachment-woocommerce_thumbnail size-woocommerce_thumbnail\" alt=\"Fuaran ceann an t-saoghail\" data-testid=\"product-image\" data-image-id=\"325\" style=\"object-fit:cover;\" loading=\"lazy\" srcset=\"https:\/\/clar.online\/wp-content\/uploads\/2023\/11\/fuaran2-300x300.jpg 300w, https:\/\/clar.online\/wp-content\/uploads\/2023\/11\/fuaran2-150x150.jpg 150w, https:\/\/clar.online\/wp-content\/uploads\/2023\/11\/fuaran2-12x12.jpg 12w, https:\/\/clar.online\/wp-content\/uploads\/2023\/11\/fuaran2-100x100.jpg 100w, https:\/\/clar.online\/wp-content\/uploads\/2023\/11\/fuaran2.jpg 600w\" sizes=\"auto, (max-width: 300px) 100vw, 300px\" \/><div class=\"wc-block-components-product-image__inner-container\">\n\n<\/div><\/a><\/div>\n\n<h3 style=\"margin-bottom:0.75rem;margin-top:0;\" class=\"wp-block-post-title has-medium-font-size has-text-align-center\"><a href=\"https:\/\/clar.online\/gd\/product\/fuaran-ceann-an-t-saoghail\/\" target=\"_self\" >Fuaran ceann an t-saoghail<\/a><\/h3>\n\n<div data-block-name=\"woocommerce\/product-price\" data-is-descendent-of-query-loop=\"true\" data-text-align=\"center\" class=\"has-text-align-center wp-block-woocommerce-product-price\" ><div class=\"wc-block-components-product-price wc-block-grid__product-price\" >\n\t\t\t\t\t<span class=\"woocommerce-Price-amount amount\"><bdi><span class=\"woocommerce-Price-currencySymbol\">&pound;<\/span>8.99<\/bdi><\/span>\n\t\t\t\t<\/div><\/div>\n<\/li><\/ul>\n\n<\/div>\n\n\n\n<div class=\"wp-block-buttons alignwide eplus-wrapper is-content-justification-center is-layout-flex wp-container-core-buttons-is-layout-a5edd44b wp-block-buttons-is-layout-flex\">\n<div class=\"wp-block-button eplus-wrapper\"><a class=\"wp-block-button__link has-text-align-center wp-element-button\" href=\"https:\/\/clar.online\/gd\/shop\/\">\n\t\t\tDon bh\u00f9th\t\t<\/a><\/div>\n<\/div>","protected":false},"excerpt":{"rendered":"<p>The Gaelic publisher CL\u00c0R was founded in 1996 with the main aim to publish new books with an emphasis on original Gaelic writing. CLAR has now published more than 80 books. We have published writing from over 100 Gaelic authors and, of course, this continues to grow. CLAR is a voluntary organisation and we are [&hellip;]<\/p>\n","protected":false},"author":2,"featured_media":393,"parent":0,"menu_order":0,"comment_status":"closed","ping_status":"closed","template":"","meta":{"_crdt_document":"","_eb_attr":"","footnotes":""},"class_list":["post-55","page","type-page","status-publish","has-post-thumbnail","hentry"],"jetpack_sharing_enabled":true,"_links":{"self":[{"href":"https:\/\/clar.online\/gd\/wp-json\/wp\/v2\/pages\/55","targetHints":{"allow":["GET"]}}],"collection":[{"href":"https:\/\/clar.online\/gd\/wp-json\/wp\/v2\/pages"}],"about":[{"href":"https:\/\/clar.online\/gd\/wp-json\/wp\/v2\/types\/page"}],"author":[{"embeddable":true,"href":"https:\/\/clar.online\/gd\/wp-json\/wp\/v2\/users\/2"}],"replies":[{"embeddable":true,"href":"https:\/\/clar.online\/gd\/wp-json\/wp\/v2\/comments?post=55"}],"version-history":[{"count":8,"href":"https:\/\/clar.online\/gd\/wp-json\/wp\/v2\/pages\/55\/revisions"}],"predecessor-version":[{"id":535,"href":"https:\/\/clar.online\/gd\/wp-json\/wp\/v2\/pages\/55\/revisions\/535"}],"wp:featuredmedia":[{"embeddable":true,"href":"https:\/\/clar.online\/gd\/wp-json\/wp\/v2\/media\/393"}],"wp:attachment":[{"href":"https:\/\/clar.online\/gd\/wp-json\/wp\/v2\/media?parent=55"}],"curies":[{"name":"wp","href":"https:\/\/api.w.org\/{rel}","templated":true}]}}