{"id":58,"date":"2023-11-16T19:30:44","date_gmt":"2023-11-16T19:30:44","guid":{"rendered":"https:\/\/clar.online\/?page_id=58"},"modified":"2026-03-31T17:05:26","modified_gmt":"2026-03-31T17:05:26","slug":"our-publications","status":"publish","type":"page","link":"https:\/\/clar.online\/gd\/our-publications\/","title":{"rendered":"Leabhraichean"},"content":{"rendered":"<p class=\"eplus-wrapper\"><strong>Ficsean<\/strong><\/p>\n\n\n\n<p class=\"eplus-wrapper\">Aig CL\u00c0R, tha sinn gu m\u00f2r airson a bhith a\u2019 foillseachadh nuadh fhicsean G\u00e0idhlig air leth. Is e ar n-amas sgeulachdan \u00f9ra, tarraingeach a l\u00ecbhrigeadh a ch\u00f2rdas ris an luchd-leughaidh. Tha sinn a\u2019 creidsinn ann a bhith a\u2019 comharrachadh diofar chuspairean, agus cuspairean a tha cudromach do luchd-leughaidh G\u00e0idhlig. Tha sinn dealasach a thaobh co-obrachadh ri sgr\u00ecobhadairean ficsean \u00f9r agus st\u00e8idhichte anns a\u2019 Gh\u00e0idhlig, a\u2019 toirt \u00e0ite dhaibh gus na t\u00e0lantan aca a thaisbeanadh. Tha earbsa aig luchd-leughaidh nuair a thaghas iad foillseachadh bho CL\u00c0R gum faigh iad sgeulachd tharraingeach air a dheagh sgr\u00ecobhadh<\/p>\n\n\n\n<p class=\"eplus-wrapper\"><strong>B\u00e0rdachd<\/strong><\/p>\n\n\n\n<p class=\"eplus-wrapper\">CL\u00c0R has published several collections of poetry over the years (almost all Gaelic-only), including work from Deborah Moffatt, Christopher Whyte, Niall O&#8217;Gallagher, Rody Gorman and Donald Meek.<\/p>\n\n\n\n<p class=\"eplus-wrapper\"><strong>Neo-fhicsean<\/strong><\/p>\n\n\n\n<p class=\"eplus-wrapper\">At CL\u00c0R, our commitment to the promotion of Gaelic language and culture extends beyond fiction and poetry. We are proud to offer a thought-provoking selection of non-fiction texts that shed light on various aspects of our rich heritage.    Our non-fiction collection spans a range of subjects, from history and folklore to language preservation and contemporary accounts. We aim to provide readers with access to well-researched, informative, and engaging materials that explore the intricacies of Gaelic culture, language, and history.<\/p>\n\n\n\n<hr class=\"wp-block-separator has-alpha-channel-opacity eplus-wrapper\"\/>\n\n\n\n<div class=\"wp-block-media-text is-stacked-on-mobile eplus-wrapper\" style=\"grid-template-columns:30% auto\"><figure class=\"wp-block-media-text__media\"><img loading=\"lazy\" decoding=\"async\" width=\"511\" height=\"566\" src=\"https:\/\/clar.online\/wp-content\/uploads\/2023\/11\/steall5.jpg\" alt=\"\" class=\"wp-image-100 size-full\" srcset=\"https:\/\/clar.online\/wp-content\/uploads\/2023\/11\/steall5.jpg 511w, https:\/\/clar.online\/wp-content\/uploads\/2023\/11\/steall5-271x300.jpg 271w\" sizes=\"auto, (max-width: 511px) 100vw, 511px\" \/><\/figure><div class=\"wp-block-media-text__content\">\n<h2 class=\"wp-block-heading eplus-wrapper\">STEALL<\/h2>\n\n\n\n<p class=\"eplus-wrapper\">STEALL, a literary magazine that aims to bring new Gaelic writing in different styles and genres to people&#8217;s attention &#8211; interviews, fiction, essays, poetry, research and more &#8211; started in 2016.  <\/p>\n\n\n\n<div class=\"wp-block-buttons eplus-wrapper is-layout-flex wp-block-buttons-is-layout-flex\">\n<div class=\"wp-block-button eplus-wrapper\"><a class=\"wp-block-button__link wp-element-button\" href=\"https:\/\/clar.online\/gd\/product-category\/steall\/\">Leugh tuilleadh<\/a><\/div>\n<\/div>\n<\/div><\/div>\n\n\n\n<hr class=\"wp-block-separator has-alpha-channel-opacity eplus-wrapper\"\/>\n\n\n\n<p><\/p>","protected":false},"excerpt":{"rendered":"<p>Fiction At CL\u00c0R, we are dedicated to publishing exceptional contemporary Gaelic fiction. Our aim is to deliver captivating new stories that resonate with our readers. We believe in highlighting various themes and topics that hold significance for our Gaelic readership. We are dedicated to collaborating with both new and established Gaelic fiction writers, providing them [&hellip;]<\/p>\n","protected":false},"author":2,"featured_media":0,"parent":0,"menu_order":0,"comment_status":"closed","ping_status":"closed","template":"","meta":{"_eb_attr":"","footnotes":""},"class_list":["post-58","page","type-page","status-publish","hentry"],"jetpack_sharing_enabled":true,"_links":{"self":[{"href":"https:\/\/clar.online\/gd\/wp-json\/wp\/v2\/pages\/58","targetHints":{"allow":["GET"]}}],"collection":[{"href":"https:\/\/clar.online\/gd\/wp-json\/wp\/v2\/pages"}],"about":[{"href":"https:\/\/clar.online\/gd\/wp-json\/wp\/v2\/types\/page"}],"author":[{"embeddable":true,"href":"https:\/\/clar.online\/gd\/wp-json\/wp\/v2\/users\/2"}],"replies":[{"embeddable":true,"href":"https:\/\/clar.online\/gd\/wp-json\/wp\/v2\/comments?post=58"}],"version-history":[{"count":8,"href":"https:\/\/clar.online\/gd\/wp-json\/wp\/v2\/pages\/58\/revisions"}],"predecessor-version":[{"id":544,"href":"https:\/\/clar.online\/gd\/wp-json\/wp\/v2\/pages\/58\/revisions\/544"}],"wp:attachment":[{"href":"https:\/\/clar.online\/gd\/wp-json\/wp\/v2\/media?parent=58"}],"curies":[{"name":"wp","href":"https:\/\/api.w.org\/{rel}","templated":true}]}}