{"id":114,"date":"2023-11-17T13:01:56","date_gmt":"2023-11-17T13:01:56","guid":{"rendered":"https:\/\/clar.online\/?post_type=product&#038;p=114"},"modified":"2023-12-01T14:17:53","modified_gmt":"2023-12-01T14:17:53","slug":"fon-choill","status":"publish","type":"product","link":"https:\/\/clar.online\/gd\/product\/fon-choill\/","title":{"rendered":"Fon Choill"},"content":{"rendered":"<p><strong>Earrann <\/strong><\/p>\n<p>\u201cCha t\u00e8id \u00e0 cuimhne dhomh gu br\u00e0th, cuiridh mi geall, c\u00f2 ris a bha e coltach a bhith nam sheasamh anns an st\u00e8isean r\u00e8ile ann an Cnoc R\u00ecoghail, a\u2019 feitheamh gus an tilleadh Tormod Iain le tiogaidean. Chan fhaca mi togalach a-riamh cho trang agus cho l\u00e0n de dhiofar dhaoine, diofar chinnidhean, n\u00e0iseanan an t-saoghail uile cha mh\u00f2r an siud. Aig an \u00e0m cha mh\u00f2r gum b\u2019 aithne dhomh c\u00f2 \u00e0s a bha duine aca. Cha robh mi fi\u00f9 \u2019s air dealbhan fhaicinn de chuid dhiubh. \u2019S e na S\u00econaich an aon treubh a bha mi air fhaicinn roimhe, leis gun do thog iadsan an rathad-iarrainn againn.\u201d<\/p>","protected":false},"excerpt":{"rendered":"<p>Bhuineadh D\u00f2mhnall Moireasdan, am Megantic Outlaw, do theaghlach Le\u00f2dhasach a rinn an dachaigh ann am Megantic ann an Canada anns an d\u00e0rna leth de na 1800an.\n<br><br>\nGed as e caractar eachdraidheil a th\u2019 ann an D\u00f2mhnall, tha Calum L. MacLe\u00f2id, \u00f9ghdar A\u2019 Togail an t-Sr\u00f9bain, air caractaran l\u00e0idir, tarraingeach eile a chruthachadh timcheall air. Bheir iad sin, agus na h-\u00ecomhaighean cumhachdach, fiosrachadh dhan leughadair air cho cruaidh \u2019s a bha beatha nan G\u00e0idheal a chaidh a Chanada agus iad a\u2019 sireadh beatha na b\u2019 fhe\u00e0rr agus na b\u2019 fhasa dhaibh fh\u00e8in. Tha an \u00e8iginn fh\u00e8in aig p\u00e0rantan Dh\u00f2mhnaill agus an t-airgead gann orra. D\u00ecreach mar a bha san t-Seann D\u00f9thaich tha an t-airgead agus na h-\u00f9ghdarrais fhathast nan aghaidh, gun luaidh air talamh doirbh agus droch sh\u00ecde.\n<br><br>\nSgeulachd iongantach air a roinn na ochd p\u00e0irtean, uile gu math diofraichte \u2013 mar eisimpleir \u2019s e litrichean eadar D\u00f2mhnall \u2019s a phiuthar, a mh\u00e0thair agus a bhr\u00e0ithrean a th\u2019 ann am fear de na p\u00e0irtean, agus \u2019s e aithris a th\u2019 ann an cuid eile.\n<br><br>\nAm Megantic Outlaw \u2013 ciamar a th\u00e8id dha?<\/p>","protected":false},"featured_media":330,"comment_status":"open","ping_status":"closed","template":"","meta":{"_eb_attr":""},"product_brand":[],"product_cat":[126],"product_tag":[132],"class_list":{"0":"post-114","1":"product","2":"type-product","3":"status-publish","4":"has-post-thumbnail","6":"product_cat-novels","7":"product_tag-calum-macleod","9":"first","10":"instock","11":"shipping-taxable","12":"purchasable","13":"product-type-simple"},"jetpack_sharing_enabled":true,"_links":{"self":[{"href":"https:\/\/clar.online\/gd\/wp-json\/wp\/v2\/product\/114","targetHints":{"allow":["GET"]}}],"collection":[{"href":"https:\/\/clar.online\/gd\/wp-json\/wp\/v2\/product"}],"about":[{"href":"https:\/\/clar.online\/gd\/wp-json\/wp\/v2\/types\/product"}],"replies":[{"embeddable":true,"href":"https:\/\/clar.online\/gd\/wp-json\/wp\/v2\/comments?post=114"}],"wp:featuredmedia":[{"embeddable":true,"href":"https:\/\/clar.online\/gd\/wp-json\/wp\/v2\/media\/330"}],"wp:attachment":[{"href":"https:\/\/clar.online\/gd\/wp-json\/wp\/v2\/media?parent=114"}],"wp:term":[{"taxonomy":"product_brand","embeddable":true,"href":"https:\/\/clar.online\/gd\/wp-json\/wp\/v2\/product_brand?post=114"},{"taxonomy":"product_cat","embeddable":true,"href":"https:\/\/clar.online\/gd\/wp-json\/wp\/v2\/product_cat?post=114"},{"taxonomy":"product_tag","embeddable":true,"href":"https:\/\/clar.online\/gd\/wp-json\/wp\/v2\/product_tag?post=114"}],"curies":[{"name":"wp","href":"https:\/\/api.w.org\/{rel}","templated":true}]}}