{"id":118,"date":"2023-11-17T13:42:49","date_gmt":"2023-11-17T13:42:49","guid":{"rendered":"https:\/\/clar.online\/?post_type=product&#038;p=118"},"modified":"2023-12-07T11:20:19","modified_gmt":"2023-12-07T11:20:19","slug":"steall-a-iomadh-lon","status":"publish","type":"product","link":"https:\/\/clar.online\/gd\/product\/steall-a-iomadh-lon\/","title":{"rendered":"Steall \u00e0 Iomadh L\u00f2n"},"content":{"rendered":"","protected":false},"excerpt":{"rendered":"<p>Chuir Seonaidh Ailig Mac a\u2019 Phearsain seachad l\u00e0ithean \u00f2ige anns na Hearadh agus an Uibhist a Tuath. An d\u00e8idh sin th\u00f2isich e, mar a chanas e fh\u00e8in, a\u2019 siubhal nan seachd sitigean. Chaidh e air imrich a Chanada agus thug an obair a bha aige an sin, mar chonaltraiche corporra, air an fhalbhan e gu caochladh dh\u00f9thchannan.\n\nAn d\u00e8idh c\u00f2ig bliadhna fichead anns a\u2019 ghn\u00ecomhachas ni\u00f9clasach thill e a dh\u2019Alba a dh\u2019obair do Sheirbheis nam Meadhanan G\u00e0idhlig \u2013 MG ALBA a th\u2019 orra an-diugh. Nuair a leig e dheth an dreuchd sin, dhragh a bhean air taod e air ais a Cheap Breatann. \n\nBha e fuireach air bruaich Abhainn Mira, far an do thuinich iomadh Uibhisteach eile. Anns an leabhar seo tha e toirt iomraidh air eachdraidh a bheatha ach cuideachd air an dualchas, an eachdraidh agus an \u00e0rainneachd a chuir cruth air a smuaintean agus a ghi\u00f9lan.<\/p>","protected":false},"featured_media":317,"comment_status":"open","ping_status":"closed","template":"","meta":{"_crdt_document":"","_eb_attr":""},"product_brand":[],"product_cat":[127],"product_tag":[133],"class_list":{"0":"post-118","1":"product","2":"type-product","3":"status-publish","4":"has-post-thumbnail","6":"product_cat-autobiography","7":"product_tag-seonaidh-ailig-mac-a-phearsain","9":"first","10":"instock","11":"shipping-taxable","12":"purchasable","13":"product-type-simple"},"jetpack_sharing_enabled":true,"_links":{"self":[{"href":"https:\/\/clar.online\/gd\/wp-json\/wp\/v2\/product\/118","targetHints":{"allow":["GET"]}}],"collection":[{"href":"https:\/\/clar.online\/gd\/wp-json\/wp\/v2\/product"}],"about":[{"href":"https:\/\/clar.online\/gd\/wp-json\/wp\/v2\/types\/product"}],"replies":[{"embeddable":true,"href":"https:\/\/clar.online\/gd\/wp-json\/wp\/v2\/comments?post=118"}],"wp:featuredmedia":[{"embeddable":true,"href":"https:\/\/clar.online\/gd\/wp-json\/wp\/v2\/media\/317"}],"wp:attachment":[{"href":"https:\/\/clar.online\/gd\/wp-json\/wp\/v2\/media?parent=118"}],"wp:term":[{"taxonomy":"product_brand","embeddable":true,"href":"https:\/\/clar.online\/gd\/wp-json\/wp\/v2\/product_brand?post=118"},{"taxonomy":"product_cat","embeddable":true,"href":"https:\/\/clar.online\/gd\/wp-json\/wp\/v2\/product_cat?post=118"},{"taxonomy":"product_tag","embeddable":true,"href":"https:\/\/clar.online\/gd\/wp-json\/wp\/v2\/product_tag?post=118"}],"curies":[{"name":"wp","href":"https:\/\/api.w.org\/{rel}","templated":true}]}}