{"id":120,"date":"2023-11-17T21:09:37","date_gmt":"2023-11-17T21:09:37","guid":{"rendered":"https:\/\/clar.online\/?post_type=product&#038;p=120"},"modified":"2023-12-01T14:22:18","modified_gmt":"2023-12-01T14:22:18","slug":"seol-mo-bheatha","status":"publish","type":"product","link":"https:\/\/clar.online\/gd\/product\/seol-mo-bheatha\/","title":{"rendered":"Se\u00f2l mo Bheatha"},"content":{"rendered":"","protected":false},"excerpt":{"rendered":"<p>\u201cTuras eadar Croit is Eilean is Oilthigh\u201d -\u2019s e sin a th\u2019 ann an eachdraidh-beatha Dh\u00f2mhnaill Eachann Meek. \n<br><br>\nTha a\u2019 mh\u00f2r chuid e\u00f2lach air D\u00f2mhnall mar sgoilear a chuir seachad a bheatha ann an \u00e0rd-fhoghlam nan oilthighean air t\u00ecr-m\u00f2r. Ach an Se\u00f2l Mo Bheatha, ged tha, chan ann air \u00e0rd-fhoghlam as motha a tha a shealladh, ach air an dl\u00f9th-cheangal a bha aige riamh ri croit a shinnsearan anns a\u2019 Chaolas ann an Tiriodh. \n<br><br>\nTha tlachd is m\u00ec-thlachd, fois is an-fhois, buannachd is call, aoibhneas is br\u00f2n, air am fighe air feadh sgeulachd Dh\u00f2mhnaill.<\/p>","protected":false},"featured_media":328,"comment_status":"open","ping_status":"closed","template":"","meta":{"_eb_attr":""},"product_brand":[],"product_cat":[127],"product_tag":[131],"class_list":{"0":"post-120","1":"product","2":"type-product","3":"status-publish","4":"has-post-thumbnail","6":"product_cat-autobiography","7":"product_tag-donald-e-meek","9":"first","10":"instock","11":"shipping-taxable","12":"purchasable","13":"product-type-simple"},"jetpack_sharing_enabled":true,"_links":{"self":[{"href":"https:\/\/clar.online\/gd\/wp-json\/wp\/v2\/product\/120","targetHints":{"allow":["GET"]}}],"collection":[{"href":"https:\/\/clar.online\/gd\/wp-json\/wp\/v2\/product"}],"about":[{"href":"https:\/\/clar.online\/gd\/wp-json\/wp\/v2\/types\/product"}],"replies":[{"embeddable":true,"href":"https:\/\/clar.online\/gd\/wp-json\/wp\/v2\/comments?post=120"}],"wp:featuredmedia":[{"embeddable":true,"href":"https:\/\/clar.online\/gd\/wp-json\/wp\/v2\/media\/328"}],"wp:attachment":[{"href":"https:\/\/clar.online\/gd\/wp-json\/wp\/v2\/media?parent=120"}],"wp:term":[{"taxonomy":"product_brand","embeddable":true,"href":"https:\/\/clar.online\/gd\/wp-json\/wp\/v2\/product_brand?post=120"},{"taxonomy":"product_cat","embeddable":true,"href":"https:\/\/clar.online\/gd\/wp-json\/wp\/v2\/product_cat?post=120"},{"taxonomy":"product_tag","embeddable":true,"href":"https:\/\/clar.online\/gd\/wp-json\/wp\/v2\/product_tag?post=120"}],"curies":[{"name":"wp","href":"https:\/\/api.w.org\/{rel}","templated":true}]}}