{"id":122,"date":"2023-11-17T21:14:14","date_gmt":"2023-11-17T21:14:14","guid":{"rendered":"https:\/\/clar.online\/?post_type=product&#038;p=122"},"modified":"2023-12-07T11:21:58","modified_gmt":"2023-12-07T11:21:58","slug":"suil-air-ais-anns-an-sgathan","status":"publish","type":"product","link":"https:\/\/clar.online\/gd\/product\/suil-air-ais-anns-an-sgathan\/","title":{"rendered":"S\u00f9il air ais anns an Sg\u00e0than"},"content":{"rendered":"","protected":false},"excerpt":{"rendered":"<p>A bharrachd air cho measail \u2019s a tha e air seann tractairean, tha iomadach tachartas sa bheatha aig Murchadh Peutan air an innse an seo ann an d\u00f2igh inntinneach, aotrom \u2013 bho \u00f2ige san Eilean Sgitheanach, ag obair air a\u2019 phoileas an Glaschu, a\u2019 teagasg ann an sgoil an Ceinia agus eile. Bha e an uair sin a\u2019 teagasg Saidheans agus Matamataig tro mheadhan na G\u00e0idhlig ann an \u00c0rd-sgoil Phort R\u00ecgh, obair a ch\u00f2rd ris gu m\u00f2r.<\/p>","protected":false},"featured_media":319,"comment_status":"open","ping_status":"closed","template":"","meta":{"_crdt_document":"","_eb_attr":""},"product_brand":[],"product_cat":[127],"product_tag":[134],"class_list":{"0":"post-122","1":"product","2":"type-product","3":"status-publish","4":"has-post-thumbnail","6":"product_cat-autobiography","7":"product_tag-murchadh-peutan","9":"first","10":"instock","11":"shipping-taxable","12":"purchasable","13":"product-type-simple"},"jetpack_sharing_enabled":true,"_links":{"self":[{"href":"https:\/\/clar.online\/gd\/wp-json\/wp\/v2\/product\/122","targetHints":{"allow":["GET"]}}],"collection":[{"href":"https:\/\/clar.online\/gd\/wp-json\/wp\/v2\/product"}],"about":[{"href":"https:\/\/clar.online\/gd\/wp-json\/wp\/v2\/types\/product"}],"replies":[{"embeddable":true,"href":"https:\/\/clar.online\/gd\/wp-json\/wp\/v2\/comments?post=122"}],"wp:featuredmedia":[{"embeddable":true,"href":"https:\/\/clar.online\/gd\/wp-json\/wp\/v2\/media\/319"}],"wp:attachment":[{"href":"https:\/\/clar.online\/gd\/wp-json\/wp\/v2\/media?parent=122"}],"wp:term":[{"taxonomy":"product_brand","embeddable":true,"href":"https:\/\/clar.online\/gd\/wp-json\/wp\/v2\/product_brand?post=122"},{"taxonomy":"product_cat","embeddable":true,"href":"https:\/\/clar.online\/gd\/wp-json\/wp\/v2\/product_cat?post=122"},{"taxonomy":"product_tag","embeddable":true,"href":"https:\/\/clar.online\/gd\/wp-json\/wp\/v2\/product_tag?post=122"}],"curies":[{"name":"wp","href":"https:\/\/api.w.org\/{rel}","templated":true}]}}