{"id":124,"date":"2023-11-17T21:23:50","date_gmt":"2023-11-17T21:23:50","guid":{"rendered":"https:\/\/clar.online\/?post_type=product&#038;p=124"},"modified":"2023-12-07T11:22:43","modified_gmt":"2023-12-07T11:22:43","slug":"tro-chloich-na-sula","status":"publish","type":"product","link":"https:\/\/clar.online\/gd\/product\/tro-chloich-na-sula\/","title":{"rendered":"Tro Chloich na S\u00f9la"},"content":{"rendered":"","protected":false},"excerpt":{"rendered":"<p>Tha sean agus \u00f9r a\u2019 measgachadh c\u00f2mhla ri ch\u00e8ile sa chruinneachadh b\u00e0rdachd seo. Ann am fichead d\u00e0n aig toiseach an leabhair, tha am b\u00e0rd a\u2019 rannsachadh na buaidh a bh\u2019 aig creideamh air luchd-ealain ainmeil E\u00f2rpach \u2013 mar Da Vinci, Gauguin, Blake agus Chagall \u2013 tro na linntean, le bhith me\u00f2rachadh air dealbhan s\u00f2nraichte leis an luchd-ealain sin. Ann am fichead d\u00e0n eile, tha am b\u00e0rd a\u2019 d\u00e8iligeadh ri iomadh cuspair, leithid coimhearsnachd, poilitics agus n\u00e0dar ann an stoidhle nuadh-bh\u00e0rdail.<\/p>","protected":false},"featured_media":329,"comment_status":"open","ping_status":"closed","template":"","meta":{"_eb_attr":""},"product_brand":[],"product_cat":[128],"product_tag":[135],"class_list":{"0":"post-124","1":"product","2":"type-product","3":"status-publish","4":"has-post-thumbnail","6":"product_cat-poetry","7":"product_tag-maoileas-caimbeul","9":"first","10":"instock","11":"shipping-taxable","12":"purchasable","13":"product-type-simple"},"jetpack_sharing_enabled":true,"_links":{"self":[{"href":"https:\/\/clar.online\/gd\/wp-json\/wp\/v2\/product\/124","targetHints":{"allow":["GET"]}}],"collection":[{"href":"https:\/\/clar.online\/gd\/wp-json\/wp\/v2\/product"}],"about":[{"href":"https:\/\/clar.online\/gd\/wp-json\/wp\/v2\/types\/product"}],"replies":[{"embeddable":true,"href":"https:\/\/clar.online\/gd\/wp-json\/wp\/v2\/comments?post=124"}],"wp:featuredmedia":[{"embeddable":true,"href":"https:\/\/clar.online\/gd\/wp-json\/wp\/v2\/media\/329"}],"wp:attachment":[{"href":"https:\/\/clar.online\/gd\/wp-json\/wp\/v2\/media?parent=124"}],"wp:term":[{"taxonomy":"product_brand","embeddable":true,"href":"https:\/\/clar.online\/gd\/wp-json\/wp\/v2\/product_brand?post=124"},{"taxonomy":"product_cat","embeddable":true,"href":"https:\/\/clar.online\/gd\/wp-json\/wp\/v2\/product_cat?post=124"},{"taxonomy":"product_tag","embeddable":true,"href":"https:\/\/clar.online\/gd\/wp-json\/wp\/v2\/product_tag?post=124"}],"curies":[{"name":"wp","href":"https:\/\/api.w.org\/{rel}","templated":true}]}}