{"id":126,"date":"2023-11-17T21:29:59","date_gmt":"2023-11-17T21:29:59","guid":{"rendered":"https:\/\/clar.online\/?post_type=product&#038;p=126"},"modified":"2023-12-07T11:04:29","modified_gmt":"2023-12-07T11:04:29","slug":"seolaidh-mise-null","status":"publish","type":"product","link":"https:\/\/clar.online\/gd\/product\/seolaidh-mise-null\/","title":{"rendered":"Se\u00f2laidh Mise Null"},"content":{"rendered":"<p><strong>Earrann<\/strong><\/p>\n<p>\u201cBha Mgr Iain sa Bh\u00e0gh a Tuath nuair a th\u00e0inig Iain Latharna Caimbeul (aig an robh Canaigh \u00e0s deaghaidh seo) a dh\u2019fhuireach a Bharraigh, agus sgr\u00ecobh an Caimbeulach \u2018Our Barra Years\u2019 dhan Scots Magazine ann an 1975. Bha seo gu s\u00f2nraichte mu Chompton MacCoinnich, ach rinn e dealbh cuideachd air mar a bha Barraigh anns na 1930an nuair a chuir e fh\u00e8in seachad ceithir bliadhna gu leth a\u2019 fuireach ann, agus air na daoine tlachdmhor a bh\u2019 anns an eilean an uair sin&#8230;\u201d<\/p>\n<p>IMD<\/p>","protected":false},"excerpt":{"rendered":"<p>B\u00e0rdachd agus Rosgle Mgr Iain Dhonnchaidh Deasaichte le Iain MacDh\u00f2mhnaill\n\nGed a tha iomadach bliadhna o dh\u2019eug an t-Athair Iain MacIlleMhaoil \u00e0 Barraigh(1880\u20131951) tha deagh chuimhne air fhathast \u2013 mar shagart, mar bh\u00e0rd agus mar dhuine air an robh meas m\u00f2r. \n<br><br>\nTha grunn dhe na h-\u00f2rain aige gan seinn fhathast, ach cha deach na rinn e a chruinneachadh cruinn, c\u00f2mhla thuige seo, is a-nis gabhaidh sealladh coileanta fhaighinn air na dh\u2019fh\u00e0g e. Tha iomradh mionaideach air a bheatha aig toiseach an leabhair. Tha dealbhannan ann cuideachd.<\/p>","protected":false},"featured_media":127,"comment_status":"open","ping_status":"closed","template":"","meta":{"_eb_attr":""},"product_brand":[],"product_cat":[128],"product_tag":[136],"class_list":{"0":"post-126","1":"product","2":"type-product","3":"status-publish","4":"has-post-thumbnail","6":"product_cat-poetry","7":"product_tag-iain-dhonnchaidh","9":"first","10":"instock","11":"shipping-taxable","12":"purchasable","13":"product-type-simple"},"jetpack_sharing_enabled":true,"_links":{"self":[{"href":"https:\/\/clar.online\/gd\/wp-json\/wp\/v2\/product\/126","targetHints":{"allow":["GET"]}}],"collection":[{"href":"https:\/\/clar.online\/gd\/wp-json\/wp\/v2\/product"}],"about":[{"href":"https:\/\/clar.online\/gd\/wp-json\/wp\/v2\/types\/product"}],"replies":[{"embeddable":true,"href":"https:\/\/clar.online\/gd\/wp-json\/wp\/v2\/comments?post=126"}],"wp:featuredmedia":[{"embeddable":true,"href":"https:\/\/clar.online\/gd\/wp-json\/wp\/v2\/media\/127"}],"wp:attachment":[{"href":"https:\/\/clar.online\/gd\/wp-json\/wp\/v2\/media?parent=126"}],"wp:term":[{"taxonomy":"product_brand","embeddable":true,"href":"https:\/\/clar.online\/gd\/wp-json\/wp\/v2\/product_brand?post=126"},{"taxonomy":"product_cat","embeddable":true,"href":"https:\/\/clar.online\/gd\/wp-json\/wp\/v2\/product_cat?post=126"},{"taxonomy":"product_tag","embeddable":true,"href":"https:\/\/clar.online\/gd\/wp-json\/wp\/v2\/product_tag?post=126"}],"curies":[{"name":"wp","href":"https:\/\/api.w.org\/{rel}","templated":true}]}}