{"id":133,"date":"2023-11-17T22:02:24","date_gmt":"2023-11-17T22:02:24","guid":{"rendered":"https:\/\/clar.online\/?post_type=product&#038;p=133"},"modified":"2023-12-07T11:20:51","modified_gmt":"2023-12-07T11:20:51","slug":"suain-nan-tri-latha","status":"publish","type":"product","link":"https:\/\/clar.online\/gd\/product\/suain-nan-tri-latha\/","title":{"rendered":"Suain nan Tr\u00ec Latha"},"content":{"rendered":"<p>\u201cComa leat haiku no sonnet, tha O\u2019Gallagher a\u2019 feuchainn ri ath-bhe\u00f2thachadh a thoirt air meadarachd chlasaigeach na G\u00e0idhlig \u2026\u201d<\/p>\n<p>Anne Frater, STEALL 04, 2008<\/p>","protected":false},"excerpt":{"rendered":"<p>Cluinnear mac-talla nan d\u00e0n-d\u00ecreach anns an d\u00e0rna leabhar den bh\u00e0rdachd aig Niall O\u2019Gallagher. Uair eile, tha d\u00e0in gr\u00e0idh aig cridhe a\u2019 chruinneachaidh, co-dhi\u00f9 eadar leannain neo eadar athair \u00f9r agus a mhac. \n\nGluaisidh na d\u00e0in bhon \u00f2g-mhadainn tro bhruthainn an fheasgair gu marbh na h-oidhche fo shoillse nan reultan.<\/p>","protected":false},"featured_media":316,"comment_status":"open","ping_status":"closed","template":"","meta":{"_crdt_document":"","_eb_attr":""},"product_brand":[],"product_cat":[128],"product_tag":[138],"class_list":{"0":"post-133","1":"product","2":"type-product","3":"status-publish","4":"has-post-thumbnail","6":"product_cat-poetry","7":"product_tag-niall-ogallagher","9":"first","10":"instock","11":"shipping-taxable","12":"purchasable","13":"product-type-simple"},"jetpack_sharing_enabled":true,"_links":{"self":[{"href":"https:\/\/clar.online\/gd\/wp-json\/wp\/v2\/product\/133","targetHints":{"allow":["GET"]}}],"collection":[{"href":"https:\/\/clar.online\/gd\/wp-json\/wp\/v2\/product"}],"about":[{"href":"https:\/\/clar.online\/gd\/wp-json\/wp\/v2\/types\/product"}],"replies":[{"embeddable":true,"href":"https:\/\/clar.online\/gd\/wp-json\/wp\/v2\/comments?post=133"}],"wp:featuredmedia":[{"embeddable":true,"href":"https:\/\/clar.online\/gd\/wp-json\/wp\/v2\/media\/316"}],"wp:attachment":[{"href":"https:\/\/clar.online\/gd\/wp-json\/wp\/v2\/media?parent=133"}],"wp:term":[{"taxonomy":"product_brand","embeddable":true,"href":"https:\/\/clar.online\/gd\/wp-json\/wp\/v2\/product_brand?post=133"},{"taxonomy":"product_cat","embeddable":true,"href":"https:\/\/clar.online\/gd\/wp-json\/wp\/v2\/product_cat?post=133"},{"taxonomy":"product_tag","embeddable":true,"href":"https:\/\/clar.online\/gd\/wp-json\/wp\/v2\/product_tag?post=133"}],"curies":[{"name":"wp","href":"https:\/\/api.w.org\/{rel}","templated":true}]}}