{"id":154,"date":"2023-11-21T12:10:10","date_gmt":"2023-11-21T12:10:10","guid":{"rendered":"https:\/\/clar.online\/?post_type=product&#038;p=154"},"modified":"2023-12-01T14:13:51","modified_gmt":"2023-12-01T14:13:51","slug":"dain-nan-duil","status":"publish","type":"product","link":"https:\/\/clar.online\/gd\/product\/dain-nan-duil\/","title":{"rendered":"D\u00e0in nan D\u00f9il"},"content":{"rendered":"","protected":false},"excerpt":{"rendered":"<p>Anns a\u2019 chiad cruinneachadh G\u00e0idhlig aice, tha saoghal n\u00e0darra t\u00ecr a h-\u00e0raich \u2013 \u00e0ite iomallach le coilltean dl\u00f9th agus corra thuathanas beag, bochd \u2013 gu m\u00f2r air inntinn Deborah nuair a bhios i a\u2019 d\u00e8anamh d\u00e0in. Bidh i cuideachd a\u2019 sgr\u00ecobhadh mun t-saoghal mh\u00f2r le cuid dhe na d\u00e0in st\u00e8idhichte ann an Ameireaga a Deas, san Ear Mheadhain, ann an Ranntairean ceann an iar-thuath Chanada, a bharrachd air Alba agus \u00c8irinn.<\/p>","protected":false},"featured_media":323,"comment_status":"open","ping_status":"closed","template":"","meta":{"_eb_attr":""},"product_brand":[],"product_cat":[128],"product_tag":[139],"class_list":{"0":"post-154","1":"product","2":"type-product","3":"status-publish","4":"has-post-thumbnail","6":"product_cat-poetry","7":"product_tag-deborah-moffatt","9":"first","10":"instock","11":"shipping-taxable","12":"purchasable","13":"product-type-simple"},"jetpack_sharing_enabled":true,"_links":{"self":[{"href":"https:\/\/clar.online\/gd\/wp-json\/wp\/v2\/product\/154","targetHints":{"allow":["GET"]}}],"collection":[{"href":"https:\/\/clar.online\/gd\/wp-json\/wp\/v2\/product"}],"about":[{"href":"https:\/\/clar.online\/gd\/wp-json\/wp\/v2\/types\/product"}],"replies":[{"embeddable":true,"href":"https:\/\/clar.online\/gd\/wp-json\/wp\/v2\/comments?post=154"}],"wp:featuredmedia":[{"embeddable":true,"href":"https:\/\/clar.online\/gd\/wp-json\/wp\/v2\/media\/323"}],"wp:attachment":[{"href":"https:\/\/clar.online\/gd\/wp-json\/wp\/v2\/media?parent=154"}],"wp:term":[{"taxonomy":"product_brand","embeddable":true,"href":"https:\/\/clar.online\/gd\/wp-json\/wp\/v2\/product_brand?post=154"},{"taxonomy":"product_cat","embeddable":true,"href":"https:\/\/clar.online\/gd\/wp-json\/wp\/v2\/product_cat?post=154"},{"taxonomy":"product_tag","embeddable":true,"href":"https:\/\/clar.online\/gd\/wp-json\/wp\/v2\/product_tag?post=154"}],"curies":[{"name":"wp","href":"https:\/\/api.w.org\/{rel}","templated":true}]}}