{"id":346,"date":"2023-11-26T12:33:45","date_gmt":"2023-11-26T12:33:45","guid":{"rendered":"https:\/\/clar.online\/?post_type=product&#038;p=346"},"modified":"2023-12-07T11:07:19","modified_gmt":"2023-12-07T11:07:19","slug":"steall-01","status":"publish","type":"product","link":"https:\/\/clar.online\/gd\/product\/steall-01\/","title":{"rendered":"STEALL 01"},"content":{"rendered":"","protected":false},"excerpt":{"rendered":"<p>Ann an STEALL 01 tha:<\/p>\n<ul>\n<li><strong>Luingeas Dubh air F\u00e0ire<\/strong>\u00a0le Tim Armstrong<\/li>\n<li><strong>Sgeulachdan goirid<\/strong>\u00a0le Meg Bateman, Alasdair Campbell, Myles Campbell agus M\u00f2rag Law<\/li>\n<li><strong>L\u00e8irmheasan<\/strong><\/li>\n<li><strong>B\u00e0rdachd Biddy Jenkinson<\/strong>\u00a0air a chur dhan Gh\u00e0idhlig le Niall O\u2019Gallagher<\/li>\n<li><strong>B\u00e0rdachd<\/strong>\u00a0le P\u00e0draig MacAoidh agus Deborah Moffat<\/li>\n<li><strong>Agallamhan<\/strong>\u00a0le Cr\u00ecsdean MacIlleBh\u00e0in agus Catr\u00econa Lexy Caimbeul<\/li>\n<li><strong>Colbhan<\/strong>\u00a0le Seonag Monk agus Petra Johana Poncarov\u00e1<\/li>\n<li><strong>Ce\u00f2l<\/strong>\u00a0le Robbie Anndra MacLe\u00f2id<\/li>\n<\/ul>","protected":false},"featured_media":360,"comment_status":"open","ping_status":"closed","template":"","meta":{"_eb_attr":""},"product_brand":[],"product_cat":[165],"product_tag":[],"class_list":{"0":"post-346","1":"product","2":"type-product","3":"status-publish","4":"has-post-thumbnail","6":"product_cat-steall","8":"first","9":"outofstock","10":"shipping-taxable","11":"purchasable","12":"product-type-simple"},"jetpack_sharing_enabled":true,"_links":{"self":[{"href":"https:\/\/clar.online\/gd\/wp-json\/wp\/v2\/product\/346","targetHints":{"allow":["GET"]}}],"collection":[{"href":"https:\/\/clar.online\/gd\/wp-json\/wp\/v2\/product"}],"about":[{"href":"https:\/\/clar.online\/gd\/wp-json\/wp\/v2\/types\/product"}],"replies":[{"embeddable":true,"href":"https:\/\/clar.online\/gd\/wp-json\/wp\/v2\/comments?post=346"}],"wp:featuredmedia":[{"embeddable":true,"href":"https:\/\/clar.online\/gd\/wp-json\/wp\/v2\/media\/360"}],"wp:attachment":[{"href":"https:\/\/clar.online\/gd\/wp-json\/wp\/v2\/media?parent=346"}],"wp:term":[{"taxonomy":"product_brand","embeddable":true,"href":"https:\/\/clar.online\/gd\/wp-json\/wp\/v2\/product_brand?post=346"},{"taxonomy":"product_cat","embeddable":true,"href":"https:\/\/clar.online\/gd\/wp-json\/wp\/v2\/product_cat?post=346"},{"taxonomy":"product_tag","embeddable":true,"href":"https:\/\/clar.online\/gd\/wp-json\/wp\/v2\/product_tag?post=346"}],"curies":[{"name":"wp","href":"https:\/\/api.w.org\/{rel}","templated":true}]}}