{"id":347,"date":"2023-11-26T12:33:54","date_gmt":"2023-11-26T12:33:54","guid":{"rendered":"https:\/\/clar.online\/?post_type=product&#038;p=347"},"modified":"2023-12-07T11:07:58","modified_gmt":"2023-12-07T11:07:58","slug":"steall-02","status":"publish","type":"product","link":"https:\/\/clar.online\/gd\/product\/steall-02\/","title":{"rendered":"STEALL 02"},"content":{"rendered":"<p>New Stories by Iain Beggs, Iain F. MacLeod, Mairi E. MacLeod and Morag Ann MacNeil<br \/>\nReviews of Banais na Bliadhna (Maureen Macleod), An L\u00e0mh a Bheir (Seonaidh Charity), Sa Bh\u00f9th \u2019s an Tac an Teine (Christine Stone), Tro Chloich na S\u00f9la (Myles Campbell), Laoidhean Spioradail Dh\u00f9ghaill Bhochanain (ed. Donald E. Meek) and Le M\u00f9irn (Catriona Murray)<br \/>\nEssay on Murdo MacFarlane by Morag MacLeod<br \/>\nOpinions on Donald Trump<br \/>\n\u2018An Luingeas Dorcha Air F\u00e0ire\u2019 \u2013 Chapter II by Tim Armstrong<br \/>\nNew Poetry by Aonghas Dubh MacNeacail<br \/>\nColumns by Seonag Monk and Niall O\u2019Gallagher<br \/>\nPlay by Alasdair Campbell<br \/>\nInterview with Tony Kearney<br \/>\nReview of children\u2019s books by Morag Stewart<br \/>\nCompetition<\/p>","protected":false},"excerpt":{"rendered":"<p>In this issue: short stories, poetry, reviews and a play!<\/p>","protected":false},"featured_media":358,"comment_status":"open","ping_status":"closed","template":"","meta":{"_eb_attr":""},"product_brand":[],"product_cat":[165],"product_tag":[],"class_list":{"0":"post-347","1":"product","2":"type-product","3":"status-publish","4":"has-post-thumbnail","6":"product_cat-steall","8":"first","9":"instock","10":"shipping-taxable","11":"purchasable","12":"product-type-simple"},"jetpack_sharing_enabled":true,"_links":{"self":[{"href":"https:\/\/clar.online\/gd\/wp-json\/wp\/v2\/product\/347","targetHints":{"allow":["GET"]}}],"collection":[{"href":"https:\/\/clar.online\/gd\/wp-json\/wp\/v2\/product"}],"about":[{"href":"https:\/\/clar.online\/gd\/wp-json\/wp\/v2\/types\/product"}],"replies":[{"embeddable":true,"href":"https:\/\/clar.online\/gd\/wp-json\/wp\/v2\/comments?post=347"}],"wp:featuredmedia":[{"embeddable":true,"href":"https:\/\/clar.online\/gd\/wp-json\/wp\/v2\/media\/358"}],"wp:attachment":[{"href":"https:\/\/clar.online\/gd\/wp-json\/wp\/v2\/media?parent=347"}],"wp:term":[{"taxonomy":"product_brand","embeddable":true,"href":"https:\/\/clar.online\/gd\/wp-json\/wp\/v2\/product_brand?post=347"},{"taxonomy":"product_cat","embeddable":true,"href":"https:\/\/clar.online\/gd\/wp-json\/wp\/v2\/product_cat?post=347"},{"taxonomy":"product_tag","embeddable":true,"href":"https:\/\/clar.online\/gd\/wp-json\/wp\/v2\/product_tag?post=347"}],"curies":[{"name":"wp","href":"https:\/\/api.w.org\/{rel}","templated":true}]}}