{"id":348,"date":"2023-11-26T12:36:05","date_gmt":"2023-11-26T12:36:05","guid":{"rendered":"https:\/\/clar.online\/?post_type=product&#038;p=348"},"modified":"2023-12-07T11:08:14","modified_gmt":"2023-12-07T11:08:14","slug":"steall-03","status":"publish","type":"product","link":"https:\/\/clar.online\/gd\/product\/steall-03\/","title":{"rendered":"STEALL 03"},"content":{"rendered":"<p>Interview with Alasdair Whyte;<br \/>\nNew stories by Calum L. MacLeod, Martin MacIntyre, Sarah Scott and Myles Campbell;<br \/>\nPoetry by Maggie Smith;<br \/>\nEssays by Angus Peter Campbell, Alasdair Stephen and Maggie Cunningham.<br \/>\nColumns by Seonag Monk and Liam Alasdair Crouse.<br \/>\nScience Fiction by Tim Armstrong \u2013 \u2018An Luingeas Dorcha air F\u00e0ire\u2019.<br \/>\nReviews<\/p>\n<p>Writers: Tim Armstrong, Angus Peter Campbell, Myles Campbell, Maggie Cunningham, Liam Alasdair Crouse, Emma Dymock, Morag MacNeill, Alison Lang, Martin MacIntyre, Alasdair Whyte, Christopher Whyte, Calum L. MacLeod, Robbie A. MacLeod, S\u00e1ndor M\u00e1rai, Seonag Monk, Maggie Smith, Petra Johana Poncarov\u00e1, Sarah Scott, Alasdair Stephen, Lisa Storey, Marina Tsvetaeva and John Urquhart.<\/p>","protected":false},"excerpt":{"rendered":"<p>In this issue: An interview with Alasdair Whyte; new stories by Calum L. MacLeod and poetry by Maggie Smith.<\/p>","protected":false},"featured_media":357,"comment_status":"open","ping_status":"closed","template":"","meta":{"_eb_attr":""},"product_brand":[],"product_cat":[165],"product_tag":[],"class_list":{"0":"post-348","1":"product","2":"type-product","3":"status-publish","4":"has-post-thumbnail","6":"product_cat-steall","8":"first","9":"instock","10":"shipping-taxable","11":"purchasable","12":"product-type-simple"},"jetpack_sharing_enabled":true,"_links":{"self":[{"href":"https:\/\/clar.online\/gd\/wp-json\/wp\/v2\/product\/348","targetHints":{"allow":["GET"]}}],"collection":[{"href":"https:\/\/clar.online\/gd\/wp-json\/wp\/v2\/product"}],"about":[{"href":"https:\/\/clar.online\/gd\/wp-json\/wp\/v2\/types\/product"}],"replies":[{"embeddable":true,"href":"https:\/\/clar.online\/gd\/wp-json\/wp\/v2\/comments?post=348"}],"wp:featuredmedia":[{"embeddable":true,"href":"https:\/\/clar.online\/gd\/wp-json\/wp\/v2\/media\/357"}],"wp:attachment":[{"href":"https:\/\/clar.online\/gd\/wp-json\/wp\/v2\/media?parent=348"}],"wp:term":[{"taxonomy":"product_brand","embeddable":true,"href":"https:\/\/clar.online\/gd\/wp-json\/wp\/v2\/product_brand?post=348"},{"taxonomy":"product_cat","embeddable":true,"href":"https:\/\/clar.online\/gd\/wp-json\/wp\/v2\/product_cat?post=348"},{"taxonomy":"product_tag","embeddable":true,"href":"https:\/\/clar.online\/gd\/wp-json\/wp\/v2\/product_tag?post=348"}],"curies":[{"name":"wp","href":"https:\/\/api.w.org\/{rel}","templated":true}]}}