{"id":466,"date":"2025-03-21T14:52:02","date_gmt":"2025-03-21T14:52:02","guid":{"rendered":"https:\/\/clar.online\/?post_type=product&#038;p=466"},"modified":"2025-03-21T14:55:20","modified_gmt":"2025-03-21T14:55:20","slug":"coig-duilleagan-na-seamraig","status":"publish","type":"product","link":"https:\/\/clar.online\/gd\/product\/coig-duilleagan-na-seamraig\/","title":{"rendered":"C\u00f2ig Duilleagan na Seamraig"},"content":{"rendered":"<p>\u2018S e C\u00f2ig Duilleagan na Seamraig nobhail phoilitigeach de ghn\u00e8 a tha gann ann an litreachas na G\u00e0idhlig.<\/p>\n<p>Tha an st\u00f2iridh, a tha a\u2019 gluasad eadear a\u2019 Gh\u00e0idhealteachd, \u00c8irinn, Lunnainn agus Paris, a\u2019 gabhail a-steach thachartasan m\u00f2ra o chionn ceud bliadhna co-cheangailte ri D\u00f2mhnaill MacCoinnich \u00e0 Ge\u00e0rrloch a tha na oifigear-d\u00econ agus tosgaire d\u00ecomhair do Dhaibhidh Llyod George, am fear-poilitigs as cumhachdaiche a th\u2019 ann.<\/p>","protected":false},"excerpt":{"rendered":"<p>Tha an st\u00f2iridh, a tha a\u2019 gluasad eadear a\u2019 Gh\u00e0idhealteachd, \u00c8irinn, Lunnainn agus Paris, a\u2019 gabhail a-steach thachartasan m\u00f2ra o chionn ceud bliadhna.<\/p>","protected":false},"featured_media":467,"comment_status":"open","ping_status":"closed","template":"","meta":{"_eb_attr":""},"product_brand":[],"product_cat":[126],"product_tag":[130],"class_list":{"0":"post-466","1":"product","2":"type-product","3":"status-publish","4":"has-post-thumbnail","6":"product_cat-novels","7":"product_tag-roddy-maclean","9":"first","10":"instock","11":"shipping-taxable","12":"purchasable","13":"product-type-simple"},"jetpack_sharing_enabled":true,"_links":{"self":[{"href":"https:\/\/clar.online\/gd\/wp-json\/wp\/v2\/product\/466","targetHints":{"allow":["GET"]}}],"collection":[{"href":"https:\/\/clar.online\/gd\/wp-json\/wp\/v2\/product"}],"about":[{"href":"https:\/\/clar.online\/gd\/wp-json\/wp\/v2\/types\/product"}],"replies":[{"embeddable":true,"href":"https:\/\/clar.online\/gd\/wp-json\/wp\/v2\/comments?post=466"}],"wp:featuredmedia":[{"embeddable":true,"href":"https:\/\/clar.online\/gd\/wp-json\/wp\/v2\/media\/467"}],"wp:attachment":[{"href":"https:\/\/clar.online\/gd\/wp-json\/wp\/v2\/media?parent=466"}],"wp:term":[{"taxonomy":"product_brand","embeddable":true,"href":"https:\/\/clar.online\/gd\/wp-json\/wp\/v2\/product_brand?post=466"},{"taxonomy":"product_cat","embeddable":true,"href":"https:\/\/clar.online\/gd\/wp-json\/wp\/v2\/product_cat?post=466"},{"taxonomy":"product_tag","embeddable":true,"href":"https:\/\/clar.online\/gd\/wp-json\/wp\/v2\/product_tag?post=466"}],"curies":[{"name":"wp","href":"https:\/\/api.w.org\/{rel}","templated":true}]}}