{"id":511,"date":"2026-03-06T15:19:48","date_gmt":"2026-03-06T15:19:48","guid":{"rendered":"https:\/\/clar.online\/?post_type=product&#038;p=511"},"modified":"2026-03-06T15:22:31","modified_gmt":"2026-03-06T15:22:31","slug":"bho-pheairt-gu-hiort","status":"publish","type":"product","link":"https:\/\/clar.online\/gd\/product\/bho-pheairt-gu-hiort\/","title":{"rendered":"Bho Pheairt gu Hiort"},"content":{"rendered":"<p><strong>AN LEABHAR<\/strong><\/p>\n<p>Thathar a\u2019 toirt s\u00f9il air na h-eileamaidean no na facail a nochdas ann an ainmean-\u00e0ite G\u00e0idhlig, agus cuid dhiubh nach eil cho cumanta ann an c\u00f2mhradh tuilleadh, mar dobhar, gasg\u00a0is s\u00e0ilean, agus bheirear s\u00f9il air eileamaidean cumanta ann an ainmean \u00e0 c\u00e0nanan eile a leithid na Lochlannais is na Breatannais. Tha caibideil ann mu ainm-e\u00f2las anns an fharsaingeachd agus eachdraidh ainmean-\u00e0ite na h-Alba. Aig an deireadh tha liosta a r\u00e8ir na h-aibideil de na h-ainmean uile a tha a\u2019 nochdadh san leabhar.<\/p>\n<p><strong>AN T-\u00d9GHDAR<\/strong><\/p>\n<p>Rugadh is thogadh Iain Mac an T\u00e0illeir ann an Eilginn agus chaidh e dhan sgoil an sin, far an do th\u00f2isich e air G\u00e0idhlig ionnsachadh mus do rinn e air Oilthigh Obar Dheathain far an tug e a-mach ceum ann an Ceiltis. Bha e na thidsear G\u00e0idhlig ann an Uibhist a Deas agus ann am Bl\u00e0r Ghobharaidh, agus fhuair e cothrom a dhol a dh\u2019obair air leasachadh stuthan-teagaisg ann an Colaiste Chnoc I\u00f2rdain, obair a bha na f\u00ecor thlachd. \u00c0s d\u00e8idh greis ann an saoghal an telebhisein, th\u00f2isich e air teagasg ann an Sabhal M\u00f2r Ostaig anns an Eilean Sgitheanach far an robh Ainm e\u00f2las na h-Alba\u00a0air aon de na cuspairean a b\u2019 fhe\u00e0rr leis air s\u00e0illibh na h-\u00f9idh a th\u2019 aige ann an ainmean, aineam-\u00e0ite gu s\u00f2nraichte ach cuideachd ainmean pearsanta. Tha e air corra leabhar a sgr\u00ecobhadh mu ainmean-\u00e0ite agus bha e na cho-sgr\u00ecobhaiche air Teach Yourself Gaelic\u00a0c\u00f2mhla ri Boyd Robasdan, agus tha \u00f9idh aige ann am poileasaidh is planadh c\u00e0nain, mion-ch\u00e0nanan, eachdraidh na Roinn E\u00f2rpa agus caitheamh-beatha dhaoine ann an d\u00f9thchannan c\u00e8ine. Leig e dheth a dhreuchd ann an 2020, agus tha e a-nis a\u2019 fuireach air taobh an iar na h-\u00c8ireann<\/p>","protected":false},"excerpt":{"rendered":"<p>A Non-fiction book on the elements of place names. In Gaelic throughout.<\/p>","protected":false},"featured_media":512,"comment_status":"open","ping_status":"closed","template":"","meta":{"_eb_attr":""},"product_brand":[],"product_cat":[159],"product_tag":[188],"class_list":{"0":"post-511","1":"product","2":"type-product","3":"status-publish","4":"has-post-thumbnail","6":"product_cat-non-fiction","7":"product_tag-iain-mac-an-tailleir","9":"first","10":"instock","11":"shipping-taxable","12":"purchasable","13":"product-type-simple"},"jetpack_sharing_enabled":true,"_links":{"self":[{"href":"https:\/\/clar.online\/gd\/wp-json\/wp\/v2\/product\/511","targetHints":{"allow":["GET"]}}],"collection":[{"href":"https:\/\/clar.online\/gd\/wp-json\/wp\/v2\/product"}],"about":[{"href":"https:\/\/clar.online\/gd\/wp-json\/wp\/v2\/types\/product"}],"replies":[{"embeddable":true,"href":"https:\/\/clar.online\/gd\/wp-json\/wp\/v2\/comments?post=511"}],"wp:featuredmedia":[{"embeddable":true,"href":"https:\/\/clar.online\/gd\/wp-json\/wp\/v2\/media\/512"}],"wp:attachment":[{"href":"https:\/\/clar.online\/gd\/wp-json\/wp\/v2\/media?parent=511"}],"wp:term":[{"taxonomy":"product_brand","embeddable":true,"href":"https:\/\/clar.online\/gd\/wp-json\/wp\/v2\/product_brand?post=511"},{"taxonomy":"product_cat","embeddable":true,"href":"https:\/\/clar.online\/gd\/wp-json\/wp\/v2\/product_cat?post=511"},{"taxonomy":"product_tag","embeddable":true,"href":"https:\/\/clar.online\/gd\/wp-json\/wp\/v2\/product_tag?post=511"}],"curies":[{"name":"wp","href":"https:\/\/api.w.org\/{rel}","templated":true}]}}