{"id":526,"date":"2026-03-07T14:51:44","date_gmt":"2026-03-07T14:51:44","guid":{"rendered":"https:\/\/clar.online\/?post_type=product&#038;p=526"},"modified":"2026-03-09T15:44:33","modified_gmt":"2026-03-09T15:44:33","slug":"steall-10","status":"publish","type":"product","link":"https:\/\/clar.online\/gd\/product\/steall-10\/","title":{"rendered":"STEALL 10"},"content":{"rendered":"<p>In this issue: writing by Nathaniel Harrington, M\u00f2rag Law, Alistair Paul, along with poetry by Gilleasbuig MacFhearghais, M\u00e0rtainn Mac an t-Soair, M\u00eccheal Newton and Petra J. Poncarov\u00e1. Think pieces, articles and reviews by the likes of Seonag Monk, T\u00f2mas MacAilpein, Steaphan Risnidh and Liam Alasdair Crouse.<\/p>","protected":false},"excerpt":{"rendered":"<p>Interviews, columns, short stories, poetry, reviews and articles.<\/p>\n<p>In this issue: writing by Nathaniel Harrington, M\u00f2rag Law, Alistair Paul, along with poetry by Gilleasbuig MacFhearghais, M\u00e0rtainn Mac an t-Soair, M\u00eccheal Newton and Petra J. Poncarov\u00e1. Think pieces, articles and reviews by the likes of Seonag Monk, T\u00f2mas MacAilpein, Steaphan Risnidh and Liam Alasdair Crouse.<\/p>","protected":false},"featured_media":529,"comment_status":"open","ping_status":"closed","template":"","meta":{"_eb_attr":""},"product_brand":[],"product_cat":[165],"product_tag":[],"class_list":{"0":"post-526","1":"product","2":"type-product","3":"status-publish","4":"has-post-thumbnail","6":"product_cat-steall","8":"first","9":"instock","10":"shipping-taxable","11":"purchasable","12":"product-type-simple"},"jetpack_sharing_enabled":true,"_links":{"self":[{"href":"https:\/\/clar.online\/gd\/wp-json\/wp\/v2\/product\/526","targetHints":{"allow":["GET"]}}],"collection":[{"href":"https:\/\/clar.online\/gd\/wp-json\/wp\/v2\/product"}],"about":[{"href":"https:\/\/clar.online\/gd\/wp-json\/wp\/v2\/types\/product"}],"replies":[{"embeddable":true,"href":"https:\/\/clar.online\/gd\/wp-json\/wp\/v2\/comments?post=526"}],"wp:featuredmedia":[{"embeddable":true,"href":"https:\/\/clar.online\/gd\/wp-json\/wp\/v2\/media\/529"}],"wp:attachment":[{"href":"https:\/\/clar.online\/gd\/wp-json\/wp\/v2\/media?parent=526"}],"wp:term":[{"taxonomy":"product_brand","embeddable":true,"href":"https:\/\/clar.online\/gd\/wp-json\/wp\/v2\/product_brand?post=526"},{"taxonomy":"product_cat","embeddable":true,"href":"https:\/\/clar.online\/gd\/wp-json\/wp\/v2\/product_cat?post=526"},{"taxonomy":"product_tag","embeddable":true,"href":"https:\/\/clar.online\/gd\/wp-json\/wp\/v2\/product_tag?post=526"}],"curies":[{"name":"wp","href":"https:\/\/api.w.org\/{rel}","templated":true}]}}