{"id":536,"date":"2026-03-24T14:46:58","date_gmt":"2026-03-24T14:46:58","guid":{"rendered":"https:\/\/clar.online\/?post_type=product&#038;p=536"},"modified":"2026-03-24T14:48:00","modified_gmt":"2026-03-24T14:48:00","slug":"cairdeas-s-comain-s-eolas","status":"publish","type":"product","link":"https:\/\/clar.online\/gd\/product\/cairdeas-s-comain-s-eolas\/","title":{"rendered":"C\u00e0irdeas \u2019s Comain \u2019s E\u00f2las"},"content":{"rendered":"<p><span style=\"font-size: 13.5pt; color: black;\">Tha an d\u00e0rna leabhar de bh\u00e0rdachd Gh\u00e0idhlig Deborah Moffatt l\u00e0n c\u00e0irdeis de gach se\u00f2rsa: c\u00e0irdeas, cleamhnas is buntanas. <\/span><\/p>\n<p><span style=\"font-size: 13.5pt; color: black;\">C\u00f2mhla ri c\u00e0irdeas, gheibhear gaol is sp\u00e8is, urram is mulad. Ach cuideachd tha nithean an ceart aghaidh sin anns na d\u00e0in: n\u00e0imdeas, ascaoin agus borbachd. <\/span><\/p>\n<p><span style=\"font-size: 13.5pt; color: black;\">Tha aithris air corra thachartas eachdraidheil anns an leabhar, c\u00f2mhla ri cunntasan bhon latha an diugh. <\/span><\/p>\n<p><span style=\"font-size: 13.5pt; color: black;\">Chithear Lady Grange a\u2019 nochdadh ann a\u2019 Hiort, agus sg\u00e0ile na comhachaig ann an Cille Choirill. Tha f\u00f2garraich is imrichean is taistealaich a\u2019 nochdadh, na mairbh \u2019s na be\u00f2, eadar c\u00e0irdean \u2019s caraidean \u2019s n\u00e0imdhean.<\/span><\/p>\n<p><span style=\"font-size: 13.5pt; color: black;\">Dealbhach a\u2019ch\u00f2mhdaich Deborah Moffatt<\/span><\/p>\n<p><span style=\"font-size: 13.5pt; color: black;\">C\u00f2mhdach le River Design<\/span><\/p>","protected":false},"excerpt":{"rendered":"<p>Tha an d\u00e0rna leabhar den bh\u00e0rdachd Gh\u00e0idhlig aig Deborah Moffatt l\u00e0n c\u00e0irdeais de gach se\u00f2rsa: c\u00e0irdeas, cleamhnas, \u2018s buntanas.<\/p>","protected":false},"featured_media":537,"comment_status":"open","ping_status":"closed","template":"","meta":{"_eb_attr":""},"product_brand":[],"product_cat":[128],"product_tag":[139],"class_list":{"0":"post-536","1":"product","2":"type-product","3":"status-publish","4":"has-post-thumbnail","6":"product_cat-poetry","7":"product_tag-deborah-moffatt","9":"first","10":"instock","11":"shipping-taxable","12":"purchasable","13":"product-type-simple"},"jetpack_sharing_enabled":true,"_links":{"self":[{"href":"https:\/\/clar.online\/gd\/wp-json\/wp\/v2\/product\/536","targetHints":{"allow":["GET"]}}],"collection":[{"href":"https:\/\/clar.online\/gd\/wp-json\/wp\/v2\/product"}],"about":[{"href":"https:\/\/clar.online\/gd\/wp-json\/wp\/v2\/types\/product"}],"replies":[{"embeddable":true,"href":"https:\/\/clar.online\/gd\/wp-json\/wp\/v2\/comments?post=536"}],"wp:featuredmedia":[{"embeddable":true,"href":"https:\/\/clar.online\/gd\/wp-json\/wp\/v2\/media\/537"}],"wp:attachment":[{"href":"https:\/\/clar.online\/gd\/wp-json\/wp\/v2\/media?parent=536"}],"wp:term":[{"taxonomy":"product_brand","embeddable":true,"href":"https:\/\/clar.online\/gd\/wp-json\/wp\/v2\/product_brand?post=536"},{"taxonomy":"product_cat","embeddable":true,"href":"https:\/\/clar.online\/gd\/wp-json\/wp\/v2\/product_cat?post=536"},{"taxonomy":"product_tag","embeddable":true,"href":"https:\/\/clar.online\/gd\/wp-json\/wp\/v2\/product_tag?post=536"}],"curies":[{"name":"wp","href":"https:\/\/api.w.org\/{rel}","templated":true}]}}